{"id":25347,"date":"2022-10-31T05:27:42","date_gmt":"2022-10-31T01:27:42","guid":{"rendered":"https:\/\/www.villasvalriche.com\/plots-acquisition-process\/"},"modified":"2024-11-14T14:13:35","modified_gmt":"2024-11-14T10:13:35","slug":"les-etapes-dacquisition-terrains","status":"publish","type":"page","link":"https:\/\/www.villasvalriche.com\/fr\/les-etapes-dacquisition-terrains\/","title":{"rendered":"Plots Acquisition Process"},"content":{"rendered":"\t\t<div data-elementor-type=\"wp-page\" data-elementor-id=\"25347\" class=\"elementor elementor-25347 elementor-17816\" data-elementor-post-type=\"page\">\n\t\t\t\t\t\t<section data-dce-background-image-url=\"https:\/\/www.villasvalriche.com\/wp-content\/uploads\/2021\/06\/rsz_sar_maison_edouard-3-Enhanced.png\" class=\"elementor-section elementor-top-section elementor-element elementor-element-42e0aec elementor-section-height-min-height elementor-section-boxed elementor-section-height-default elementor-section-items-middle\" data-id=\"42e0aec\" data-element_type=\"section\" data-e-type=\"section\" data-settings=\"{&quot;background_background&quot;:&quot;classic&quot;}\">\n\t\t\t\t\t\t\t<div class=\"elementor-background-overlay\"><\/div>\n\t\t\t\t\t\t\t<div class=\"elementor-container elementor-column-gap-default\">\n\t\t\t\t\t<div class=\"elementor-column elementor-col-100 elementor-top-column elementor-element elementor-element-b493132 stretch-column-height\" data-id=\"b493132\" data-element_type=\"column\" data-e-type=\"column\">\n\t\t\t<div class=\"elementor-widget-wrap elementor-element-populated\">\n\t\t\t\t\t\t<div data-dce-title-color=\"#FFFFFF\" class=\"elementor-element elementor-element-1c6869d elementor-widget elementor-widget-heading\" data-id=\"1c6869d\" data-element_type=\"widget\" data-e-type=\"widget\" data-widget_type=\"heading.default\">\n\t\t\t\t<div class=\"elementor-widget-container\">\n\t\t\t\t\t<h1 class=\"elementor-heading-title elementor-size-xxl\">Les \u00e9tapes d'acquisition Terrains<\/h1>\t\t\t\t<\/div>\n\t\t\t\t<\/div>\n\t\t\t\t\t<\/div>\n\t\t<\/div>\n\t\t\t\t\t<\/div>\n\t\t<\/section>\n\t\t\t\t<section class=\"elementor-section elementor-top-section elementor-element elementor-element-9efaf35 elementor-section-boxed elementor-section-height-default elementor-section-height-default\" data-id=\"9efaf35\" data-element_type=\"section\" data-e-type=\"section\">\n\t\t\t\t\t\t<div class=\"elementor-container elementor-column-gap-default\">\n\t\t\t\t\t<div class=\"elementor-column elementor-col-100 elementor-top-column elementor-element elementor-element-6dff79b\" data-id=\"6dff79b\" data-element_type=\"column\" data-e-type=\"column\">\n\t\t\t<div class=\"elementor-widget-wrap elementor-element-populated\">\n\t\t\t\t\t\t<div class=\"elementor-element elementor-element-05f593e elementor-widget elementor-widget-heading\" data-id=\"05f593e\" data-element_type=\"widget\" data-e-type=\"widget\" data-widget_type=\"heading.default\">\n\t\t\t\t<div class=\"elementor-widget-container\">\n\t\t\t\t\t<h2 class=\"elementor-heading-title elementor-size-default\">Les \u00e9tapes d\u2019acquisition d\u2019une propri\u00e9t\u00e9 IRS \u00e0 l'\u00eele Maurice <\/h2>\t\t\t\t<\/div>\n\t\t\t\t<\/div>\n\t\t\t\t<div class=\"elementor-element elementor-element-91b0bdf elementor-widget elementor-widget-heading\" data-id=\"91b0bdf\" data-element_type=\"widget\" data-e-type=\"widget\" data-widget_type=\"heading.default\">\n\t\t\t\t<div class=\"elementor-widget-container\">\n\t\t\t\t\t<p class=\"elementor-heading-title elementor-size-default\">3 \u00e9tapes sont n\u00e9cessaires pour acqu\u00e9rir une propri\u00e9t\u00e9 IRS \u00e0 l'\u00eele Maurice <\/p>\t\t\t\t<\/div>\n\t\t\t\t<\/div>\n\t\t\t\t<div class=\"elementor-element elementor-element-5348bec elementor-widget elementor-widget-text-editor\" data-id=\"5348bec\" data-element_type=\"widget\" data-e-type=\"widget\" data-widget_type=\"text-editor.default\">\n\t\t\t\t<div class=\"elementor-widget-container\">\n\t\t\t\t\t\t\t\t\t<p>Si vous r\u00eavez d\u2019un climat tropical particuli\u00e8rement doux, dans un pays francophone reconnu pour son cadre idyllique et sa douceur de vivre, investir dans l\u2019immobilier \u00e0 l\u2019Ile Maurice sera le bon choix. A cet effet, plusieurs \u00e9tapes sont n\u00e9cessaires. L&rsquo;\u00e9quipe commerciale d\u2019Heritage Villas Valriche vous guide dans l\u2019acquisition de votre propri\u00e9t\u00e9 IRS au c\u0153ur de la r\u00e9gion authentique de Bel Ombre.<\/p>\n\t\t\t\t\t\t\t\t<\/div>\n\t\t\t\t<\/div>\n\t\t\t\t\t<\/div>\n\t\t<\/div>\n\t\t\t\t\t<\/div>\n\t\t<\/section>\n\t\t\t\t<section data-dce-background-image-url=\"https:\/\/www.villasvalriche.com\/wp-content\/uploads\/2023\/01\/New-Website-HVV3.jpg\" class=\"elementor-section elementor-top-section elementor-element elementor-element-dcd97be elementor-section-height-min-height elementor-section-boxed elementor-section-height-default elementor-section-items-middle\" data-id=\"dcd97be\" data-element_type=\"section\" data-e-type=\"section\" data-settings=\"{&quot;background_background&quot;:&quot;classic&quot;}\">\n\t\t\t\t\t\t<div class=\"elementor-container elementor-column-gap-default\">\n\t\t\t\t\t<div class=\"elementor-column elementor-col-100 elementor-top-column elementor-element elementor-element-dd289ae\" data-id=\"dd289ae\" data-element_type=\"column\" data-e-type=\"column\">\n\t\t\t<div class=\"elementor-widget-wrap\">\n\t\t\t\t\t\t\t<\/div>\n\t\t<\/div>\n\t\t\t\t\t<\/div>\n\t\t<\/section>\n\t\t\t\t<section data-dce-background-color=\"#E0D9D0\" class=\"elementor-section elementor-top-section elementor-element elementor-element-a756d2e elementor-section-boxed elementor-section-height-default elementor-section-height-default\" data-id=\"a756d2e\" data-element_type=\"section\" data-e-type=\"section\" data-settings=\"{&quot;background_background&quot;:&quot;classic&quot;}\">\n\t\t\t\t\t\t<div class=\"elementor-container elementor-column-gap-default\">\n\t\t\t\t\t<div class=\"elementor-column elementor-col-50 elementor-top-column elementor-element elementor-element-2d9f431\" data-id=\"2d9f431\" data-element_type=\"column\" data-e-type=\"column\">\n\t\t\t<div class=\"elementor-widget-wrap elementor-element-populated\">\n\t\t\t\t\t\t<div class=\"elementor-element elementor-element-68ccd7c elementor-widget elementor-widget-image\" data-id=\"68ccd7c\" data-element_type=\"widget\" data-e-type=\"widget\" data-widget_type=\"image.default\">\n\t\t\t\t<div class=\"elementor-widget-container\">\n\t\t\t\t\t\t\t\t\t\t\t\t\t\t\t<img fetchpriority=\"high\" decoding=\"async\" width=\"960\" height=\"810\" src=\"https:\/\/www.villasvalriche.com\/wp-content\/uploads\/2021\/07\/Etapes-Acquisition_1-1.jpg\" class=\"attachment-full size-full wp-image-23120\" alt=\"Reservation Agreement\" srcset=\"https:\/\/www.villasvalriche.com\/wp-content\/uploads\/2021\/07\/Etapes-Acquisition_1-1.jpg 960w, https:\/\/www.villasvalriche.com\/wp-content\/uploads\/2021\/07\/Etapes-Acquisition_1-1-300x253.jpg 300w, https:\/\/www.villasvalriche.com\/wp-content\/uploads\/2021\/07\/Etapes-Acquisition_1-1-768x648.jpg 768w\" sizes=\"(max-width: 960px) 100vw, 960px\" \/>\t\t\t\t\t\t\t\t\t\t\t\t\t\t\t<\/div>\n\t\t\t\t<\/div>\n\t\t\t\t\t<\/div>\n\t\t<\/div>\n\t\t\t\t<div class=\"elementor-column elementor-col-50 elementor-top-column elementor-element elementor-element-9678e7a\" data-id=\"9678e7a\" data-element_type=\"column\" data-e-type=\"column\">\n\t\t\t<div class=\"elementor-widget-wrap elementor-element-populated\">\n\t\t\t\t\t\t<div class=\"elementor-element elementor-element-f920860 elementor-widget elementor-widget-heading\" data-id=\"f920860\" data-element_type=\"widget\" data-e-type=\"widget\" data-widget_type=\"heading.default\">\n\t\t\t\t<div class=\"elementor-widget-container\">\n\t\t\t\t\t<h2 class=\"elementor-heading-title elementor-size-default\">La signature de l'option\n<\/h2>\t\t\t\t<\/div>\n\t\t\t\t<\/div>\n\t\t\t\t<div class=\"elementor-element elementor-element-1a64d0e elementor-widget elementor-widget-text-editor\" data-id=\"1a64d0e\" data-element_type=\"widget\" data-e-type=\"widget\" data-widget_type=\"text-editor.default\">\n\t\t\t\t<div class=\"elementor-widget-container\">\n\t\t\t\t\t\t\t\t\t<p>La signature de l&rsquo;option entre l&rsquo;acheteur et le promoteur IRS (le vendeur) avec un versement d&rsquo;acompte de 30% du montant net pour la r\u00e9servation du terrain.<\/p>\n\t\t\t\t\t\t\t\t<\/div>\n\t\t\t\t<\/div>\n\t\t\t\t\t<\/div>\n\t\t<\/div>\n\t\t\t\t\t<\/div>\n\t\t<\/section>\n\t\t\t\t<section class=\"elementor-section elementor-top-section elementor-element elementor-element-4c6d658 elementor-reverse-mobile elementor-section-boxed elementor-section-height-default elementor-section-height-default\" data-id=\"4c6d658\" data-element_type=\"section\" data-e-type=\"section\" data-settings=\"{&quot;background_background&quot;:&quot;classic&quot;}\">\n\t\t\t\t\t\t<div class=\"elementor-container elementor-column-gap-default\">\n\t\t\t\t\t<div class=\"elementor-column elementor-col-50 elementor-top-column elementor-element elementor-element-e965b26\" data-id=\"e965b26\" data-element_type=\"column\" data-e-type=\"column\">\n\t\t\t<div class=\"elementor-widget-wrap elementor-element-populated\">\n\t\t\t\t\t\t<div class=\"elementor-element elementor-element-f2ca6ca elementor-widget elementor-widget-heading\" data-id=\"f2ca6ca\" data-element_type=\"widget\" data-e-type=\"widget\" data-widget_type=\"heading.default\">\n\t\t\t\t<div class=\"elementor-widget-container\">\n\t\t\t\t\t<h2 class=\"elementor-heading-title elementor-size-default\">Economic Development Board\n(EDB)<\/h2>\t\t\t\t<\/div>\n\t\t\t\t<\/div>\n\t\t\t\t<div class=\"elementor-element elementor-element-f68167d elementor-widget elementor-widget-text-editor\" data-id=\"f68167d\" data-element_type=\"widget\" data-e-type=\"widget\" data-widget_type=\"text-editor.default\">\n\t\t\t\t<div class=\"elementor-widget-container\">\n\t\t\t\t\t\t\t\t\t<p>L\u2019approbation de l\u2019EDB (Economic Development Board) de Maurice de la demande par le vendeur au nom de l\u2019acheteur pour l\u2019acquisition d\u2019un bien IRS.<\/p>\n\t\t\t\t\t\t\t\t<\/div>\n\t\t\t\t<\/div>\n\t\t\t\t<div class=\"elementor-element elementor-element-f68663e elementor-align-left elementor-widget elementor-widget-button\" data-id=\"f68663e\" data-element_type=\"widget\" data-e-type=\"widget\" data-widget_type=\"button.default\">\n\t\t\t\t<div class=\"elementor-widget-container\">\n\t\t\t\t\t\t\t\t\t<div class=\"elementor-button-wrapper\">\n\t\t\t\t\t<a class=\"elementor-button elementor-button-link elementor-size-sm\" href=\"\/en\/water-activities-mauritius-south-west-coast\/\">\n\t\t\t\t\t\t<span class=\"elementor-button-content-wrapper\">\n\t\t\t\t\t\t\t\t\t<span class=\"elementor-button-text\">En Savoir Plus<\/span>\n\t\t\t\t\t<\/span>\n\t\t\t\t\t<\/a>\n\t\t\t\t<\/div>\n\t\t\t\t\t\t\t\t<\/div>\n\t\t\t\t<\/div>\n\t\t\t\t\t<\/div>\n\t\t<\/div>\n\t\t\t\t<div class=\"elementor-column elementor-col-50 elementor-top-column elementor-element elementor-element-3bc9167\" data-id=\"3bc9167\" data-element_type=\"column\" data-e-type=\"column\">\n\t\t\t<div class=\"elementor-widget-wrap elementor-element-populated\">\n\t\t\t\t\t\t<div class=\"elementor-element elementor-element-272207d elementor-widget elementor-widget-image\" data-id=\"272207d\" data-element_type=\"widget\" data-e-type=\"widget\" data-widget_type=\"image.default\">\n\t\t\t\t<div class=\"elementor-widget-container\">\n\t\t\t\t\t\t\t\t\t\t\t\t\t\t\t<img decoding=\"async\" width=\"960\" height=\"810\" src=\"https:\/\/www.villasvalriche.com\/wp-content\/uploads\/2021\/07\/Etapes-Acquisition_2-1.jpg\" class=\"attachment-full size-full wp-image-23121\" alt=\"\" srcset=\"https:\/\/www.villasvalriche.com\/wp-content\/uploads\/2021\/07\/Etapes-Acquisition_2-1.jpg 960w, https:\/\/www.villasvalriche.com\/wp-content\/uploads\/2021\/07\/Etapes-Acquisition_2-1-300x253.jpg 300w, https:\/\/www.villasvalriche.com\/wp-content\/uploads\/2021\/07\/Etapes-Acquisition_2-1-768x648.jpg 768w\" sizes=\"(max-width: 960px) 100vw, 960px\" \/>\t\t\t\t\t\t\t\t\t\t\t\t\t\t\t<\/div>\n\t\t\t\t<\/div>\n\t\t\t\t\t<\/div>\n\t\t<\/div>\n\t\t\t\t\t<\/div>\n\t\t<\/section>\n\t\t\t\t<section data-dce-background-color=\"#E0D9D0\" class=\"elementor-section elementor-top-section elementor-element elementor-element-94fc632 elementor-section-boxed elementor-section-height-default elementor-section-height-default\" data-id=\"94fc632\" data-element_type=\"section\" data-e-type=\"section\" data-settings=\"{&quot;background_background&quot;:&quot;classic&quot;}\">\n\t\t\t\t\t\t<div class=\"elementor-container elementor-column-gap-default\">\n\t\t\t\t\t<div class=\"elementor-column elementor-col-50 elementor-top-column elementor-element elementor-element-a94bbe3\" data-id=\"a94bbe3\" data-element_type=\"column\" data-e-type=\"column\">\n\t\t\t<div class=\"elementor-widget-wrap elementor-element-populated\">\n\t\t\t\t\t\t<div class=\"elementor-element elementor-element-9085ef5 elementor-widget elementor-widget-image\" data-id=\"9085ef5\" data-element_type=\"widget\" data-e-type=\"widget\" data-widget_type=\"image.default\">\n\t\t\t\t<div class=\"elementor-widget-container\">\n\t\t\t\t\t\t\t\t\t\t\t\t\t\t\t<img decoding=\"async\" width=\"960\" height=\"810\" src=\"https:\/\/www.villasvalriche.com\/wp-content\/uploads\/2021\/07\/Etapes-Acquisition_3-1.jpg\" class=\"attachment-full size-full wp-image-23122\" alt=\"Notary\u2019s Office\" srcset=\"https:\/\/www.villasvalriche.com\/wp-content\/uploads\/2021\/07\/Etapes-Acquisition_3-1.jpg 960w, https:\/\/www.villasvalriche.com\/wp-content\/uploads\/2021\/07\/Etapes-Acquisition_3-1-300x253.jpg 300w, https:\/\/www.villasvalriche.com\/wp-content\/uploads\/2021\/07\/Etapes-Acquisition_3-1-768x648.jpg 768w\" sizes=\"(max-width: 960px) 100vw, 960px\" \/>\t\t\t\t\t\t\t\t\t\t\t\t\t\t\t<\/div>\n\t\t\t\t<\/div>\n\t\t\t\t\t<\/div>\n\t\t<\/div>\n\t\t\t\t<div class=\"elementor-column elementor-col-50 elementor-top-column elementor-element elementor-element-9860dd4\" data-id=\"9860dd4\" data-element_type=\"column\" data-e-type=\"column\">\n\t\t\t<div class=\"elementor-widget-wrap elementor-element-populated\">\n\t\t\t\t\t\t<div class=\"elementor-element elementor-element-16a3f1a elementor-widget elementor-widget-heading\" data-id=\"16a3f1a\" data-element_type=\"widget\" data-e-type=\"widget\" data-widget_type=\"heading.default\">\n\t\t\t\t<div class=\"elementor-widget-container\">\n\t\t\t\t\t<h2 class=\"elementor-heading-title elementor-size-default\">Signature de l\u2019acte de vente chez un notaire<\/h2>\t\t\t\t<\/div>\n\t\t\t\t<\/div>\n\t\t\t\t<div class=\"elementor-element elementor-element-804ae28 elementor-widget elementor-widget-text-editor\" data-id=\"804ae28\" data-element_type=\"widget\" data-e-type=\"widget\" data-widget_type=\"text-editor.default\">\n\t\t\t\t<div class=\"elementor-widget-container\">\n\t\t\t\t\t\t\t\t\t<p>La signature de l\u2019acte de vente chez un notaire \u00e0 Maurice une fois la lettre d\u2019approbation de l\u2019EDB re\u00e7ue et tous les crit\u00e8res d\u2019\u00e9ligibilit\u00e9 remplis.<\/p>\n\t\t\t\t\t\t\t\t<\/div>\n\t\t\t\t<\/div>\n\t\t\t\t<div class=\"elementor-element elementor-element-be20085 elementor-align-left elementor-widget elementor-widget-button\" data-id=\"be20085\" data-element_type=\"widget\" data-e-type=\"widget\" data-widget_type=\"button.default\">\n\t\t\t\t<div class=\"elementor-widget-container\">\n\t\t\t\t\t\t\t\t\t<div class=\"elementor-button-wrapper\">\n\t\t\t\t\t<a class=\"elementor-button elementor-button-link elementor-size-sm\" href=\"https:\/\/www.villasvalriche.com\/fr\/les-hotels\/\">\n\t\t\t\t\t\t<span class=\"elementor-button-content-wrapper\">\n\t\t\t\t\t\t\t\t\t<span class=\"elementor-button-text\">En Savoir Plus<\/span>\n\t\t\t\t\t<\/span>\n\t\t\t\t\t<\/a>\n\t\t\t\t<\/div>\n\t\t\t\t\t\t\t\t<\/div>\n\t\t\t\t<\/div>\n\t\t\t\t\t<\/div>\n\t\t<\/div>\n\t\t\t\t\t<\/div>\n\t\t<\/section>\n\t\t\t\t<section class=\"elementor-section elementor-top-section elementor-element elementor-element-82a4184 elementor-section-boxed elementor-section-height-default elementor-section-height-default\" data-id=\"82a4184\" data-element_type=\"section\" data-e-type=\"section\" data-settings=\"{&quot;background_background&quot;:&quot;classic&quot;}\">\n\t\t\t\t\t\t<div class=\"elementor-container elementor-column-gap-default\">\n\t\t\t\t\t<div class=\"elementor-column elementor-col-100 elementor-top-column elementor-element elementor-element-970b0f9\" data-id=\"970b0f9\" data-element_type=\"column\" data-e-type=\"column\">\n\t\t\t<div class=\"elementor-widget-wrap elementor-element-populated\">\n\t\t\t\t\t\t<div class=\"elementor-element elementor-element-087d203 elementor-widget elementor-widget-heading\" data-id=\"087d203\" data-element_type=\"widget\" data-e-type=\"widget\" data-widget_type=\"heading.default\">\n\t\t\t\t<div class=\"elementor-widget-container\">\n\t\t\t\t\t<h2 class=\"elementor-heading-title elementor-size-default\">Les modalit\u00e9s de paiement<\/h2>\t\t\t\t<\/div>\n\t\t\t\t<\/div>\n\t\t\t\t<div class=\"elementor-element elementor-element-cfa4c0a elementor-widget elementor-widget-text-editor\" data-id=\"cfa4c0a\" data-element_type=\"widget\" data-e-type=\"widget\" data-widget_type=\"text-editor.default\">\n\t\t\t\t<div class=\"elementor-widget-container\">\n\t\t\t\t\t\t\t\t\t<p>Le co\u00fbt total d\u2019acquisition du bien pour l\u2019acheteur (comme indiqu\u00e9 dans notre grille tarifaire) comprend :<\/p>\n<p>Le prix de vente du bien et les taxes | La taxe d\u2019enregistrement | Tous les co\u00fbts annexes (frais de notaire et frais administratifs)<\/p>\n\t\t\t\t\t\t\t\t<\/div>\n\t\t\t\t<\/div>\n\t\t\t\t\t<\/div>\n\t\t<\/div>\n\t\t\t\t\t<\/div>\n\t\t<\/section>\n\t\t\t\t<\/div>\n\t\t","protected":false},"excerpt":{"rendered":"<p>Les \u00e9tapes d&rsquo;acquisition Terrains Les \u00e9tapes d\u2019acquisition d\u2019une propri\u00e9t\u00e9 IRS \u00e0 l&rsquo;\u00eele Maurice 3 \u00e9tapes sont n\u00e9cessaires pour acqu\u00e9rir une propri\u00e9t\u00e9 IRS \u00e0 l&rsquo;\u00eele Maurice Si vous r\u00eavez d\u2019un climat tropical particuli\u00e8rement doux, dans un pays francophone reconnu pour son cadre idyllique et sa douceur de vivre, investir dans l\u2019immobilier \u00e0 l\u2019Ile Maurice sera le [&hellip;]<\/p>\n","protected":false},"author":28,"featured_media":0,"parent":0,"menu_order":0,"comment_status":"closed","ping_status":"closed","template":"","meta":{"_acf_changed":false,"footnotes":""},"class_list":["post-25347","page","type-page","status-publish","hentry"],"acf":[],"_links":{"self":[{"href":"https:\/\/www.villasvalriche.com\/fr\/wp-json\/wp\/v2\/pages\/25347","targetHints":{"allow":["GET"]}}],"collection":[{"href":"https:\/\/www.villasvalriche.com\/fr\/wp-json\/wp\/v2\/pages"}],"about":[{"href":"https:\/\/www.villasvalriche.com\/fr\/wp-json\/wp\/v2\/types\/page"}],"author":[{"embeddable":true,"href":"https:\/\/www.villasvalriche.com\/fr\/wp-json\/wp\/v2\/users\/28"}],"replies":[{"embeddable":true,"href":"https:\/\/www.villasvalriche.com\/fr\/wp-json\/wp\/v2\/comments?post=25347"}],"version-history":[{"count":5,"href":"https:\/\/www.villasvalriche.com\/fr\/wp-json\/wp\/v2\/pages\/25347\/revisions"}],"predecessor-version":[{"id":38236,"href":"https:\/\/www.villasvalriche.com\/fr\/wp-json\/wp\/v2\/pages\/25347\/revisions\/38236"}],"wp:attachment":[{"href":"https:\/\/www.villasvalriche.com\/fr\/wp-json\/wp\/v2\/media?parent=25347"}],"curies":[{"name":"wp","href":"https:\/\/api.w.org\/{rel}","templated":true}]}}