{"id":25349,"date":"2022-10-31T16:31:37","date_gmt":"2022-10-31T12:31:37","guid":{"rendered":"https:\/\/www.villasvalriche.com\/le-permis-de-residence\/"},"modified":"2023-08-24T16:28:41","modified_gmt":"2023-08-24T12:28:41","slug":"le-permis-de-residence","status":"publish","type":"page","link":"https:\/\/www.villasvalriche.com\/fr\/le-permis-de-residence\/","title":{"rendered":"Le Permis De R\u00e9sidence"},"content":{"rendered":"\t\t<div data-elementor-type=\"wp-page\" data-elementor-id=\"25349\" class=\"elementor elementor-25349 elementor-17920\" data-elementor-post-type=\"page\">\n\t\t\t\t\t\t<section data-dce-background-image-url=\"https:\/\/www.villasvalriche.com\/wp-content\/uploads\/2021\/07\/Permis-de-Residence-header.jpg\" class=\"elementor-section elementor-top-section elementor-element elementor-element-b338ca4 elementor-section-height-min-height elementor-section-boxed elementor-section-height-default elementor-section-items-middle\" data-id=\"b338ca4\" data-element_type=\"section\" data-e-type=\"section\" data-settings=\"{&quot;background_background&quot;:&quot;classic&quot;}\">\n\t\t\t\t\t\t\t<div class=\"elementor-background-overlay\"><\/div>\n\t\t\t\t\t\t\t<div class=\"elementor-container elementor-column-gap-default\">\n\t\t\t\t\t<div class=\"elementor-column elementor-col-100 elementor-top-column elementor-element elementor-element-9b98cd6 stretch-column-height\" data-id=\"9b98cd6\" data-element_type=\"column\" data-e-type=\"column\">\n\t\t\t<div class=\"elementor-widget-wrap elementor-element-populated\">\n\t\t\t\t\t\t<div class=\"elementor-element elementor-element-830df2d elementor-widget elementor-widget-heading\" data-id=\"830df2d\" data-element_type=\"widget\" data-e-type=\"widget\" data-widget_type=\"heading.default\">\n\t\t\t\t<div class=\"elementor-widget-container\">\n\t\t\t\t\t<h1 class=\"elementor-heading-title elementor-size-xxl\">Le Permis De R\u00e9sidence<\/h1>\t\t\t\t<\/div>\n\t\t\t\t<\/div>\n\t\t\t\t\t<\/div>\n\t\t<\/div>\n\t\t\t\t\t<\/div>\n\t\t<\/section>\n\t\t\t\t<section class=\"elementor-section elementor-top-section elementor-element elementor-element-d0fda2f elementor-section-full_width elementor-section-height-default elementor-section-height-default\" data-id=\"d0fda2f\" data-element_type=\"section\" data-e-type=\"section\">\n\t\t\t\t\t\t<div class=\"elementor-container elementor-column-gap-default\">\n\t\t\t\t\t<div class=\"elementor-column elementor-col-100 elementor-top-column elementor-element elementor-element-16c7b57\" data-id=\"16c7b57\" data-element_type=\"column\" data-e-type=\"column\">\n\t\t\t<div class=\"elementor-widget-wrap elementor-element-populated\">\n\t\t\t\t\t\t<div class=\"elementor-element elementor-element-adb8bcd elementor-absolute elementor-hidden-tablet elementor-hidden-mobile hide_images elementor-invisible elementor-widget elementor-widget-image\" data-id=\"adb8bcd\" data-element_type=\"widget\" data-e-type=\"widget\" data-settings=\"{&quot;_position&quot;:&quot;absolute&quot;,&quot;_animation&quot;:&quot;fadeIn&quot;,&quot;_animation_delay&quot;:1200}\" data-widget_type=\"image.default\">\n\t\t\t\t<div class=\"elementor-widget-container\">\n\t\t\t\t\t\t\t\t\t\t\t\t\t\t\t<img decoding=\"async\" width=\"241\" height=\"195\" src=\"https:\/\/www.villasvalriche.com\/wp-content\/uploads\/2023\/03\/6-2-1-1.png\" class=\"attachment-large size-large wp-image-26996\" alt=\"\" \/>\t\t\t\t\t\t\t\t\t\t\t\t\t\t\t<\/div>\n\t\t\t\t<\/div>\n\t\t\t\t\t<\/div>\n\t\t<\/div>\n\t\t\t\t\t<\/div>\n\t\t<\/section>\n\t\t\t\t<section class=\"elementor-section elementor-top-section elementor-element elementor-element-8e74895 elementor-reverse-mobile elementor-section-boxed elementor-section-height-default elementor-section-height-default\" data-id=\"8e74895\" data-element_type=\"section\" data-e-type=\"section\" data-settings=\"{&quot;background_background&quot;:&quot;classic&quot;}\">\n\t\t\t\t\t\t<div class=\"elementor-container elementor-column-gap-default\">\n\t\t\t\t\t<div class=\"elementor-column elementor-col-100 elementor-top-column elementor-element elementor-element-14c90ace\" data-id=\"14c90ace\" data-element_type=\"column\" data-e-type=\"column\">\n\t\t\t<div class=\"elementor-widget-wrap elementor-element-populated\">\n\t\t\t\t\t\t<div class=\"elementor-element elementor-element-6b067399 elementor-widget elementor-widget-heading\" data-id=\"6b067399\" data-element_type=\"widget\" data-e-type=\"widget\" data-widget_type=\"heading.default\">\n\t\t\t\t<div class=\"elementor-widget-container\">\n\t\t\t\t\t<h2 class=\"elementor-heading-title elementor-size-default\">L'acc\u00e8s au permis de r\u00e9sidence mauricien\n<\/h2>\t\t\t\t<\/div>\n\t\t\t\t<\/div>\n\t\t\t\t<div class=\"elementor-element elementor-element-4f474f0 elementor-widget elementor-widget-text-editor\" data-id=\"4f474f0\" data-element_type=\"widget\" data-e-type=\"widget\" data-widget_type=\"text-editor.default\">\n\t\t\t\t<div class=\"elementor-widget-container\">\n\t\t\t\t\t\t\t\t\t<p><span style=\"vertical-align: inherit;\"><span style=\"vertical-align: inherit;\">L\u2019acquisition d\u2019un bien immobilier d\u2019une valeur minimale de 375 000 USD dans un d\u00e9veloppement IRS permet aux acheteurs \u00e9trangers de b\u00e9n\u00e9ficier du permis de r\u00e9sidence mauricien.<\/span><\/span><\/p>\n\t\t\t\t\t\t\t\t<\/div>\n\t\t\t\t<\/div>\n\t\t\t\t\t<\/div>\n\t\t<\/div>\n\t\t\t\t\t<\/div>\n\t\t<\/section>\n\t\t\t\t<section data-dce-background-image-url=\"https:\/\/www.villasvalriche.com\/wp-content\/uploads\/2023\/01\/New-Website-HVV7.jpg\" class=\"elementor-section elementor-top-section elementor-element elementor-element-846e790 elementor-section-height-min-height elementor-section-boxed elementor-section-height-default elementor-section-items-middle\" data-id=\"846e790\" data-element_type=\"section\" data-e-type=\"section\" data-settings=\"{&quot;background_background&quot;:&quot;classic&quot;}\">\n\t\t\t\t\t\t<div class=\"elementor-container elementor-column-gap-default\">\n\t\t\t\t\t<div class=\"elementor-column elementor-col-100 elementor-top-column elementor-element elementor-element-bcfbe15\" data-id=\"bcfbe15\" data-element_type=\"column\" data-e-type=\"column\">\n\t\t\t<div class=\"elementor-widget-wrap\">\n\t\t\t\t\t\t\t<\/div>\n\t\t<\/div>\n\t\t\t\t\t<\/div>\n\t\t<\/section>\n\t\t\t\t<section class=\"elementor-section elementor-top-section elementor-element elementor-element-7afcb4a7 elementor-reverse-mobile elementor-section-boxed elementor-section-height-default elementor-section-height-default\" data-id=\"7afcb4a7\" data-element_type=\"section\" data-e-type=\"section\" data-settings=\"{&quot;background_background&quot;:&quot;classic&quot;}\">\n\t\t\t\t\t\t<div class=\"elementor-container elementor-column-gap-default\">\n\t\t\t\t\t<div class=\"elementor-column elementor-col-50 elementor-top-column elementor-element elementor-element-3a563ab8\" data-id=\"3a563ab8\" data-element_type=\"column\" data-e-type=\"column\">\n\t\t\t<div class=\"elementor-widget-wrap elementor-element-populated\">\n\t\t\t\t\t\t<div class=\"elementor-element elementor-element-34b56ef6 elementor-widget elementor-widget-heading\" data-id=\"34b56ef6\" data-element_type=\"widget\" data-e-type=\"widget\" data-widget_type=\"heading.default\">\n\t\t\t\t<div class=\"elementor-widget-container\">\n\t\t\t\t\t<h2 class=\"elementor-heading-title elementor-size-default\">Avec votre acquisition, le permis de r\u00e9sidence permanente !<\/h2>\t\t\t\t<\/div>\n\t\t\t\t<\/div>\n\t\t\t\t<div class=\"elementor-element elementor-element-57512676 elementor-widget elementor-widget-text-editor\" data-id=\"57512676\" data-element_type=\"widget\" data-e-type=\"widget\" data-widget_type=\"text-editor.default\">\n\t\t\t\t<div class=\"elementor-widget-container\">\n\t\t\t\t\t\t\t\t\t<p>Les conditions applicables<\/p>\n\t\t\t\t\t\t\t\t<\/div>\n\t\t\t\t<\/div>\n\t\t\t\t<div class=\"elementor-element elementor-element-dc536e4 elementor-widget elementor-widget-text-editor\" data-id=\"dc536e4\" data-element_type=\"widget\" data-e-type=\"widget\" data-widget_type=\"text-editor.default\">\n\t\t\t\t<div class=\"elementor-widget-container\">\n\t\t\t\t\t\t\t\t\t<p>Afin d\u2019obtenir un permis de r\u00e9sidence, vous devez r\u00e9pondre \u00e0 des crit\u00e8res stipul\u00e9s clairement sur le site officiel de l\u2019Economic Development Board de Maurice.<\/p>\n\t\t\t\t\t\t\t\t<\/div>\n\t\t\t\t<\/div>\n\t\t\t\t<div class=\"elementor-element elementor-element-48349a4b elementor-align-left elementor-widget elementor-widget-button\" data-id=\"48349a4b\" data-element_type=\"widget\" data-e-type=\"widget\" data-widget_type=\"button.default\">\n\t\t\t\t<div class=\"elementor-widget-container\">\n\t\t\t\t\t\t\t\t\t<div class=\"elementor-button-wrapper\">\n\t\t\t\t\t<a class=\"elementor-button elementor-button-link elementor-size-sm\" href=\"mailto:enquiry@villasvalriche.com\">\n\t\t\t\t\t\t<span class=\"elementor-button-content-wrapper\">\n\t\t\t\t\t\t\t\t\t<span class=\"elementor-button-text\">DEMANDER CONSEIL<\/span>\n\t\t\t\t\t<\/span>\n\t\t\t\t\t<\/a>\n\t\t\t\t<\/div>\n\t\t\t\t\t\t\t\t<\/div>\n\t\t\t\t<\/div>\n\t\t\t\t\t<\/div>\n\t\t<\/div>\n\t\t\t\t<div class=\"elementor-column elementor-col-50 elementor-top-column elementor-element elementor-element-73ab3ddd\" data-id=\"73ab3ddd\" data-element_type=\"column\" data-e-type=\"column\">\n\t\t\t<div class=\"elementor-widget-wrap elementor-element-populated\">\n\t\t\t\t\t\t<div class=\"elementor-element elementor-element-12f7892e elementor-widget elementor-widget-image\" data-id=\"12f7892e\" data-element_type=\"widget\" data-e-type=\"widget\" data-widget_type=\"image.default\">\n\t\t\t\t<div class=\"elementor-widget-container\">\n\t\t\t\t\t\t\t\t\t\t\t\t\t\t\t<img fetchpriority=\"high\" decoding=\"async\" width=\"2560\" height=\"1709\" src=\"https:\/\/www.villasvalriche.com\/wp-content\/uploads\/2022\/12\/NIS8065-scaled.jpg\" class=\"attachment-full size-full wp-image-24036\" alt=\"\" srcset=\"https:\/\/www.villasvalriche.com\/wp-content\/uploads\/2022\/12\/NIS8065-scaled.jpg 2560w, https:\/\/www.villasvalriche.com\/wp-content\/uploads\/2022\/12\/NIS8065-300x200.jpg 300w, https:\/\/www.villasvalriche.com\/wp-content\/uploads\/2022\/12\/NIS8065-1024x684.jpg 1024w, https:\/\/www.villasvalriche.com\/wp-content\/uploads\/2022\/12\/NIS8065-768x513.jpg 768w, https:\/\/www.villasvalriche.com\/wp-content\/uploads\/2022\/12\/NIS8065-1536x1025.jpg 1536w, https:\/\/www.villasvalriche.com\/wp-content\/uploads\/2022\/12\/NIS8065-2048x1367.jpg 2048w\" sizes=\"(max-width: 2560px) 100vw, 2560px\" \/>\t\t\t\t\t\t\t\t\t\t\t\t\t\t\t<\/div>\n\t\t\t\t<\/div>\n\t\t\t\t\t<\/div>\n\t\t<\/div>\n\t\t\t\t\t<\/div>\n\t\t<\/section>\n\t\t\t\t<section class=\"elementor-section elementor-top-section elementor-element elementor-element-66043fa0 elementor-section-boxed elementor-section-height-default elementor-section-height-default\" data-id=\"66043fa0\" data-element_type=\"section\" data-e-type=\"section\" data-settings=\"{&quot;background_background&quot;:&quot;classic&quot;}\">\n\t\t\t\t\t\t<div class=\"elementor-container elementor-column-gap-default\">\n\t\t\t\t\t<div class=\"elementor-column elementor-col-50 elementor-top-column elementor-element elementor-element-5072ce47\" data-id=\"5072ce47\" data-element_type=\"column\" data-e-type=\"column\">\n\t\t\t<div class=\"elementor-widget-wrap elementor-element-populated\">\n\t\t\t\t\t\t<div class=\"elementor-element elementor-element-6f8a4c15 elementor-widget elementor-widget-image\" data-id=\"6f8a4c15\" data-element_type=\"widget\" data-e-type=\"widget\" data-widget_type=\"image.default\">\n\t\t\t\t<div class=\"elementor-widget-container\">\n\t\t\t\t\t\t\t\t\t\t\t\t\t\t\t<img decoding=\"async\" width=\"2560\" height=\"1709\" src=\"https:\/\/www.villasvalriche.com\/wp-content\/uploads\/2022\/12\/NIS1664-scaled.jpg\" class=\"attachment-full size-full wp-image-24038\" alt=\"\" srcset=\"https:\/\/www.villasvalriche.com\/wp-content\/uploads\/2022\/12\/NIS1664-scaled.jpg 2560w, https:\/\/www.villasvalriche.com\/wp-content\/uploads\/2022\/12\/NIS1664-300x200.jpg 300w, https:\/\/www.villasvalriche.com\/wp-content\/uploads\/2022\/12\/NIS1664-1024x684.jpg 1024w, https:\/\/www.villasvalriche.com\/wp-content\/uploads\/2022\/12\/NIS1664-768x513.jpg 768w, https:\/\/www.villasvalriche.com\/wp-content\/uploads\/2022\/12\/NIS1664-1536x1025.jpg 1536w, https:\/\/www.villasvalriche.com\/wp-content\/uploads\/2022\/12\/NIS1664-2048x1367.jpg 2048w\" sizes=\"(max-width: 2560px) 100vw, 2560px\" \/>\t\t\t\t\t\t\t\t\t\t\t\t\t\t\t<\/div>\n\t\t\t\t<\/div>\n\t\t\t\t\t<\/div>\n\t\t<\/div>\n\t\t\t\t<div class=\"elementor-column elementor-col-50 elementor-top-column elementor-element elementor-element-6269085\" data-id=\"6269085\" data-element_type=\"column\" data-e-type=\"column\">\n\t\t\t<div class=\"elementor-widget-wrap elementor-element-populated\">\n\t\t\t\t\t\t<div class=\"elementor-element elementor-element-667e709c elementor-widget elementor-widget-heading\" data-id=\"667e709c\" data-element_type=\"widget\" data-e-type=\"widget\" data-widget_type=\"heading.default\">\n\t\t\t\t<div class=\"elementor-widget-container\">\n\t\t\t\t\t<h2 class=\"elementor-heading-title elementor-size-default\">Les avantages du permis de r\u00e9sidence<\/h2>\t\t\t\t<\/div>\n\t\t\t\t<\/div>\n\t\t\t\t<div class=\"elementor-element elementor-element-8139df3 elementor-widget elementor-widget-text-editor\" data-id=\"8139df3\" data-element_type=\"widget\" data-e-type=\"widget\" data-widget_type=\"text-editor.default\">\n\t\t\t\t<div class=\"elementor-widget-container\">\n\t\t\t\t\t\t\t\t\t<p>Le conjoint et les enfants \u00e0 charge de moins de 24 ans du propri\u00e9taire sont \u00e9galement \u00e9ligibles au permis de r\u00e9sidence mauricien. Le partenaire non mari\u00e9 b\u00e9n\u00e9ficie d\u2019un permis de s\u00e9jour renouvelable tous les ans. L\u2019obtention d\u2019un permis de travail*<\/p>\n\t\t\t\t\t\t\t\t<\/div>\n\t\t\t\t<\/div>\n\t\t\t\t<div class=\"elementor-element elementor-element-ff3a5d0 elementor-align-left elementor-widget elementor-widget-button\" data-id=\"ff3a5d0\" data-element_type=\"widget\" data-e-type=\"widget\" data-widget_type=\"button.default\">\n\t\t\t\t<div class=\"elementor-widget-container\">\n\t\t\t\t\t\t\t\t\t<div class=\"elementor-button-wrapper\">\n\t\t\t\t\t<a class=\"elementor-button elementor-button-link elementor-size-sm\" href=\"mailto:enquiry@villasvalriche.com\">\n\t\t\t\t\t\t<span class=\"elementor-button-content-wrapper\">\n\t\t\t\t\t\t\t\t\t<span class=\"elementor-button-text\">DEMANDER CONSEIL<\/span>\n\t\t\t\t\t<\/span>\n\t\t\t\t\t<\/a>\n\t\t\t\t<\/div>\n\t\t\t\t\t\t\t\t<\/div>\n\t\t\t\t<\/div>\n\t\t\t\t\t<\/div>\n\t\t<\/div>\n\t\t\t\t\t<\/div>\n\t\t<\/section>\n\t\t\t\t<section class=\"elementor-section elementor-top-section elementor-element elementor-element-e8a08f5 elementor-reverse-mobile elementor-section-boxed elementor-section-height-default elementor-section-height-default\" data-id=\"e8a08f5\" data-element_type=\"section\" data-e-type=\"section\" data-settings=\"{&quot;background_background&quot;:&quot;classic&quot;}\">\n\t\t\t\t\t\t<div class=\"elementor-container elementor-column-gap-default\">\n\t\t\t\t\t<div class=\"elementor-column elementor-col-50 elementor-top-column elementor-element elementor-element-737e2b0\" data-id=\"737e2b0\" data-element_type=\"column\" data-e-type=\"column\">\n\t\t\t<div class=\"elementor-widget-wrap elementor-element-populated\">\n\t\t\t\t\t\t<div class=\"elementor-element elementor-element-e2cd9fe elementor-widget elementor-widget-heading\" data-id=\"e2cd9fe\" data-element_type=\"widget\" data-e-type=\"widget\" data-widget_type=\"heading.default\">\n\t\t\t\t<div class=\"elementor-widget-container\">\n\t\t\t\t\t<h2 class=\"elementor-heading-title elementor-size-default\">Les autres alternatives<\/h2>\t\t\t\t<\/div>\n\t\t\t\t<\/div>\n\t\t\t\t<div class=\"elementor-element elementor-element-c11ab7e elementor-widget elementor-widget-text-editor\" data-id=\"c11ab7e\" data-element_type=\"widget\" data-e-type=\"widget\" data-widget_type=\"text-editor.default\">\n\t\t\t\t<div class=\"elementor-widget-container\">\n\t\t\t\t\t\t\t\t\t<p><span style=\"vertical-align: inherit;\"><span style=\"vertical-align: inherit;\">Le nouveau visa Premium<\/span><\/span><\/p>\t\t\t\t\t\t\t\t<\/div>\n\t\t\t\t<\/div>\n\t\t\t\t<div class=\"elementor-element elementor-element-4404c98 elementor-widget elementor-widget-text-editor\" data-id=\"4404c98\" data-element_type=\"widget\" data-e-type=\"widget\" data-widget_type=\"text-editor.default\">\n\t\t\t\t<div class=\"elementor-widget-container\">\n\t\t\t\t\t\t\t\t\t<p>Valable un an et renouvelable, le visa Premium permet de venir passer une ann\u00e9e \u00e0 Maurice. Il concerne tout non-citoyen qui a l\u2019intention de demeurer \u00e0 Maurice pour une dur\u00e9e d\u2019une ann\u00e9e en tant que touriste, retrait\u00e9 ou professionnel pr\u00eat \u00e0 venir avec sa famille et exercer son activit\u00e9 ou son travail \u00e0 distance de Maurice.<\/p>\n<p>L\u2019avis de notre expert : Le visa Premium est un bon choix entre deux, si vous achetez un terrain en attendant la fin de votre construction.<\/p>\n\t\t\t\t\t\t\t\t<\/div>\n\t\t\t\t<\/div>\n\t\t\t\t<div class=\"elementor-element elementor-element-b24fa26 elementor-align-left elementor-widget elementor-widget-button\" data-id=\"b24fa26\" data-element_type=\"widget\" data-e-type=\"widget\" data-widget_type=\"button.default\">\n\t\t\t\t<div class=\"elementor-widget-container\">\n\t\t\t\t\t\t\t\t\t<div class=\"elementor-button-wrapper\">\n\t\t\t\t\t<a class=\"elementor-button elementor-button-link elementor-size-sm\" href=\"\/wp-content\/uploads\/2023\/01\/Relocate-Brochure-EN.pdf\" target=\"_blank\">\n\t\t\t\t\t\t<span class=\"elementor-button-content-wrapper\">\n\t\t\t\t\t\t\t\t\t<span class=\"elementor-button-text\">En Savoir Plus<\/span>\n\t\t\t\t\t<\/span>\n\t\t\t\t\t<\/a>\n\t\t\t\t<\/div>\n\t\t\t\t\t\t\t\t<\/div>\n\t\t\t\t<\/div>\n\t\t\t\t\t<\/div>\n\t\t<\/div>\n\t\t\t\t<div class=\"elementor-column elementor-col-50 elementor-top-column elementor-element elementor-element-ebe6763\" data-id=\"ebe6763\" data-element_type=\"column\" data-e-type=\"column\">\n\t\t\t<div class=\"elementor-widget-wrap elementor-element-populated\">\n\t\t\t\t\t\t<div class=\"elementor-element elementor-element-3998e0c elementor-widget elementor-widget-image\" data-id=\"3998e0c\" data-element_type=\"widget\" data-e-type=\"widget\" data-widget_type=\"image.default\">\n\t\t\t\t<div class=\"elementor-widget-container\">\n\t\t\t\t\t\t\t\t\t\t\t\t\t\t\t<img loading=\"lazy\" decoding=\"async\" width=\"960\" height=\"810\" src=\"https:\/\/www.villasvalriche.com\/wp-content\/uploads\/2021\/07\/Photo_4-9.webp\" class=\"attachment-full size-full wp-image-23326\" alt=\"\" srcset=\"https:\/\/www.villasvalriche.com\/wp-content\/uploads\/2021\/07\/Photo_4-9.webp 960w, https:\/\/www.villasvalriche.com\/wp-content\/uploads\/2021\/07\/Photo_4-9-300x253.webp 300w, https:\/\/www.villasvalriche.com\/wp-content\/uploads\/2021\/07\/Photo_4-9-768x648.webp 768w\" sizes=\"(max-width: 960px) 100vw, 960px\" \/>\t\t\t\t\t\t\t\t\t\t\t\t\t\t\t<\/div>\n\t\t\t\t<\/div>\n\t\t\t\t\t<\/div>\n\t\t<\/div>\n\t\t\t\t\t<\/div>\n\t\t<\/section>\n\t\t\t\t<section class=\"elementor-section elementor-top-section elementor-element elementor-element-b7a6bda elementor-section-boxed elementor-section-height-default elementor-section-height-default\" data-id=\"b7a6bda\" data-element_type=\"section\" data-e-type=\"section\" data-settings=\"{&quot;background_background&quot;:&quot;classic&quot;}\">\n\t\t\t\t\t\t<div class=\"elementor-container elementor-column-gap-default\">\n\t\t\t\t\t<div class=\"elementor-column elementor-col-50 elementor-top-column elementor-element elementor-element-3af1bef\" data-id=\"3af1bef\" data-element_type=\"column\" data-e-type=\"column\">\n\t\t\t<div class=\"elementor-widget-wrap elementor-element-populated\">\n\t\t\t\t\t\t<div class=\"elementor-element elementor-element-ecd162b elementor-widget elementor-widget-image\" data-id=\"ecd162b\" data-element_type=\"widget\" data-e-type=\"widget\" data-widget_type=\"image.default\">\n\t\t\t\t<div class=\"elementor-widget-container\">\n\t\t\t\t\t\t\t\t\t\t\t\t\t\t\t<img loading=\"lazy\" decoding=\"async\" width=\"960\" height=\"810\" src=\"https:\/\/www.villasvalriche.com\/wp-content\/uploads\/2021\/07\/Photo_3-7.webp\" class=\"attachment-full size-full wp-image-23318\" alt=\"\" srcset=\"https:\/\/www.villasvalriche.com\/wp-content\/uploads\/2021\/07\/Photo_3-7.webp 960w, https:\/\/www.villasvalriche.com\/wp-content\/uploads\/2021\/07\/Photo_3-7-300x253.webp 300w, https:\/\/www.villasvalriche.com\/wp-content\/uploads\/2021\/07\/Photo_3-7-768x648.webp 768w\" sizes=\"(max-width: 960px) 100vw, 960px\" \/>\t\t\t\t\t\t\t\t\t\t\t\t\t\t\t<\/div>\n\t\t\t\t<\/div>\n\t\t\t\t\t<\/div>\n\t\t<\/div>\n\t\t\t\t<div class=\"elementor-column elementor-col-50 elementor-top-column elementor-element elementor-element-e09f80f\" data-id=\"e09f80f\" data-element_type=\"column\" data-e-type=\"column\">\n\t\t\t<div class=\"elementor-widget-wrap elementor-element-populated\">\n\t\t\t\t\t\t<div class=\"elementor-element elementor-element-d412430 elementor-widget elementor-widget-heading\" data-id=\"d412430\" data-element_type=\"widget\" data-e-type=\"widget\" data-widget_type=\"heading.default\">\n\t\t\t\t<div class=\"elementor-widget-container\">\n\t\t\t\t\t<h2 class=\"elementor-heading-title elementor-size-default\">Permis de retrait\u00e9\n<\/h2>\t\t\t\t<\/div>\n\t\t\t\t<\/div>\n\t\t\t\t<div class=\"elementor-element elementor-element-c9ded5f elementor-widget elementor-widget-text-editor\" data-id=\"c9ded5f\" data-element_type=\"widget\" data-e-type=\"widget\" data-widget_type=\"text-editor.default\">\n\t\t\t\t<div class=\"elementor-widget-container\">\n\t\t\t\t\t\t\t\t\t<p>L\u2019\u00cele Maurice, et plus pr\u00e9cis\u00e9ment la r\u00e9gion pr\u00e9serv\u00e9e de Bel Ombre, est une destination de choix pour y prendre sa retraite et couler des jours heureux dans la douceur tropicale. Apprenez-en plus sur les avantages et conditions du permis de retrait\u00e9.<\/p>\n<p>Le permis de s\u00e9jour pour retrait\u00e9s permet \u00e0 un non citoyen \u00e9ligible de vivre \u00e0 Maurice pendant dix ans au maximum, et est renouvelable par la suite. Sous r\u00e9serve de transfert d\u2019au moins 1 500 USD\/mois pendant 3 ans ou 18 000 dollars am\u00e9ricains (environ 15.000 euros) sur votre compte par ann\u00e9e de permis.<\/p>\n\t\t\t\t\t\t\t\t<\/div>\n\t\t\t\t<\/div>\n\t\t\t\t\t<\/div>\n\t\t<\/div>\n\t\t\t\t\t<\/div>\n\t\t<\/section>\n\t\t\t\t<\/div>\n\t\t","protected":false},"excerpt":{"rendered":"<p>Le Permis De R\u00e9sidence L&rsquo;acc\u00e8s au permis de r\u00e9sidence mauricien L\u2019acquisition d\u2019un bien immobilier d\u2019une valeur minimale de 375 000 USD dans un d\u00e9veloppement IRS permet aux acheteurs \u00e9trangers de b\u00e9n\u00e9ficier du permis de r\u00e9sidence mauricien. Avec votre acquisition, le permis de r\u00e9sidence permanente ! Les conditions applicables Afin d\u2019obtenir un permis de r\u00e9sidence, vous [&hellip;]<\/p>\n","protected":false},"author":28,"featured_media":0,"parent":0,"menu_order":0,"comment_status":"closed","ping_status":"closed","template":"elementor_header_footer","meta":{"_acf_changed":false,"footnotes":""},"class_list":["post-25349","page","type-page","status-publish","hentry"],"acf":[],"_links":{"self":[{"href":"https:\/\/www.villasvalriche.com\/fr\/wp-json\/wp\/v2\/pages\/25349","targetHints":{"allow":["GET"]}}],"collection":[{"href":"https:\/\/www.villasvalriche.com\/fr\/wp-json\/wp\/v2\/pages"}],"about":[{"href":"https:\/\/www.villasvalriche.com\/fr\/wp-json\/wp\/v2\/types\/page"}],"author":[{"embeddable":true,"href":"https:\/\/www.villasvalriche.com\/fr\/wp-json\/wp\/v2\/users\/28"}],"replies":[{"embeddable":true,"href":"https:\/\/www.villasvalriche.com\/fr\/wp-json\/wp\/v2\/comments?post=25349"}],"version-history":[{"count":5,"href":"https:\/\/www.villasvalriche.com\/fr\/wp-json\/wp\/v2\/pages\/25349\/revisions"}],"predecessor-version":[{"id":30108,"href":"https:\/\/www.villasvalriche.com\/fr\/wp-json\/wp\/v2\/pages\/25349\/revisions\/30108"}],"wp:attachment":[{"href":"https:\/\/www.villasvalriche.com\/fr\/wp-json\/wp\/v2\/media?parent=25349"}],"curies":[{"name":"wp","href":"https:\/\/api.w.org\/{rel}","templated":true}]}}