{"id":25373,"date":"2022-10-30T21:01:58","date_gmt":"2022-10-30T17:01:58","guid":{"rendered":"https:\/\/www.villasvalriche.com\/c-beach-club\/"},"modified":"2024-01-04T10:30:05","modified_gmt":"2024-01-04T06:30:05","slug":"c-beach-club","status":"publish","type":"page","link":"https:\/\/www.villasvalriche.com\/fr\/c-beach-club\/","title":{"rendered":"C Beach Club"},"content":{"rendered":"\t\t<div data-elementor-type=\"wp-page\" data-elementor-id=\"25373\" class=\"elementor elementor-25373 elementor-17790\" data-elementor-post-type=\"page\">\n\t\t\t\t\t\t<section data-dce-background-image-url=\"https:\/\/www.villasvalriche.com\/wp-content\/uploads\/2023\/01\/drone.jpg\" class=\"elementor-section elementor-top-section elementor-element elementor-element-b338ca4 elementor-section-height-min-height elementor-section-boxed elementor-section-height-default elementor-section-items-middle\" data-id=\"b338ca4\" data-element_type=\"section\" data-e-type=\"section\" data-settings=\"{&quot;background_background&quot;:&quot;classic&quot;}\">\n\t\t\t\t\t\t\t<div class=\"elementor-background-overlay\"><\/div>\n\t\t\t\t\t\t\t<div class=\"elementor-container elementor-column-gap-default\">\n\t\t\t\t\t<div class=\"elementor-column elementor-col-100 elementor-top-column elementor-element elementor-element-9b98cd6 stretch-column-height\" data-id=\"9b98cd6\" data-element_type=\"column\" data-e-type=\"column\">\n\t\t\t<div class=\"elementor-widget-wrap elementor-element-populated\">\n\t\t\t\t\t\t<div class=\"elementor-element elementor-element-830df2d elementor-widget elementor-widget-heading\" data-id=\"830df2d\" data-element_type=\"widget\" data-e-type=\"widget\" data-widget_type=\"heading.default\">\n\t\t\t\t<div class=\"elementor-widget-container\">\n\t\t\t\t\t<h1 class=\"elementor-heading-title elementor-size-xxl\">C-Beach Club<\/h1>\t\t\t\t<\/div>\n\t\t\t\t<\/div>\n\t\t\t\t\t<\/div>\n\t\t<\/div>\n\t\t\t\t\t<\/div>\n\t\t<\/section>\n\t\t\t\t<section class=\"elementor-section elementor-top-section elementor-element elementor-element-8e74895 elementor-reverse-mobile elementor-section-boxed elementor-section-height-default elementor-section-height-default\" data-id=\"8e74895\" data-element_type=\"section\" data-e-type=\"section\" data-settings=\"{&quot;background_background&quot;:&quot;classic&quot;}\">\n\t\t\t\t\t\t<div class=\"elementor-container elementor-column-gap-default\">\n\t\t\t\t\t<div class=\"elementor-column elementor-col-100 elementor-top-column elementor-element elementor-element-14c90ace\" data-id=\"14c90ace\" data-element_type=\"column\" data-e-type=\"column\">\n\t\t\t<div class=\"elementor-widget-wrap elementor-element-populated\">\n\t\t\t\t\t\t<div class=\"elementor-element elementor-element-6b067399 elementor-widget elementor-widget-heading\" data-id=\"6b067399\" data-element_type=\"widget\" data-e-type=\"widget\" data-widget_type=\"heading.default\">\n\t\t\t\t<div class=\"elementor-widget-container\">\n\t\t\t\t\t<h2 class=\"elementor-heading-title elementor-size-default\">Un concept de lifestyle unique juste en bas de chez vous<\/h2>\t\t\t\t<\/div>\n\t\t\t\t<\/div>\n\t\t\t\t<div class=\"elementor-element elementor-element-4f474f0 elementor-widget elementor-widget-text-editor\" data-id=\"4f474f0\" data-element_type=\"widget\" data-e-type=\"widget\" data-widget_type=\"text-editor.default\">\n\t\t\t\t<div class=\"elementor-widget-container\">\n\t\t\t\t\t\t\t\t\t<p>Les pieds dans le sable et les yeux dans le bleu, le club de plage le plus tendance de l\u2019\u00eele Maurice s\u2019adapte \u00e0 tous les \u00e2ges et \u00e0 toutes les envies. A la fois vibrant, chic et d\u00e9contract\u00e9, il s\u2019int\u00e8gre harmonieusement au paysage de r\u00eave qui l\u2019entoure et conjugue saveurs gourmandes avec plaisirs sonores. En journ\u00e9e comme en soir\u00e9e, Heritage C Beach Club est l\u2019endroit de pr\u00e9dilection des r\u00e9sidents du domaine pour se laisser aller \u00e0 la dolce vita, en famille comme entre amis !<\/p>\n\t\t\t\t\t\t\t\t<\/div>\n\t\t\t\t<\/div>\n\t\t\t\t\t<\/div>\n\t\t<\/div>\n\t\t\t\t\t<\/div>\n\t\t<\/section>\n\t\t\t\t<section class=\"elementor-section elementor-top-section elementor-element elementor-element-cfedc61 elementor-section-full_width elementor-section-height-default elementor-section-height-default\" data-id=\"cfedc61\" data-element_type=\"section\" data-e-type=\"section\">\n\t\t\t\t\t\t<div class=\"elementor-container elementor-column-gap-default\">\n\t\t\t\t\t<div class=\"elementor-column elementor-col-100 elementor-top-column elementor-element elementor-element-75cf908\" data-id=\"75cf908\" data-element_type=\"column\" data-e-type=\"column\">\n\t\t\t<div class=\"elementor-widget-wrap elementor-element-populated\">\n\t\t\t\t\t\t<div class=\"elementor-element elementor-element-21ad893 elementor-absolute elementor-hidden-tablet elementor-hidden-mobile hide_images elementor-invisible elementor-widget elementor-widget-image\" data-id=\"21ad893\" data-element_type=\"widget\" data-e-type=\"widget\" data-settings=\"{&quot;_position&quot;:&quot;absolute&quot;,&quot;_animation&quot;:&quot;fadeIn&quot;,&quot;_animation_delay&quot;:1200}\" data-widget_type=\"image.default\">\n\t\t\t\t<div class=\"elementor-widget-container\">\n\t\t\t\t\t\t\t\t\t\t\t\t\t\t\t<img fetchpriority=\"high\" decoding=\"async\" width=\"239\" height=\"333\" src=\"https:\/\/www.villasvalriche.com\/wp-content\/uploads\/2023\/03\/8-1-1-1.png\" class=\"attachment-large size-large wp-image-26961\" alt=\"\" srcset=\"https:\/\/www.villasvalriche.com\/wp-content\/uploads\/2023\/03\/8-1-1-1.png 239w, https:\/\/www.villasvalriche.com\/wp-content\/uploads\/2023\/03\/8-1-1-1-215x300.png 215w\" sizes=\"(max-width: 239px) 100vw, 239px\" \/>\t\t\t\t\t\t\t\t\t\t\t\t\t\t\t<\/div>\n\t\t\t\t<\/div>\n\t\t\t\t\t<\/div>\n\t\t<\/div>\n\t\t\t\t\t<\/div>\n\t\t<\/section>\n\t\t\t\t<section data-dce-background-image-url=\"https:\/\/www.villasvalriche.com\/wp-content\/uploads\/2023\/01\/New-Website-HVV2.jpg\" class=\"elementor-section elementor-top-section elementor-element elementor-element-784e416 elementor-section-height-min-height elementor-section-boxed elementor-section-height-default elementor-section-items-middle\" data-id=\"784e416\" data-element_type=\"section\" data-e-type=\"section\" data-settings=\"{&quot;background_background&quot;:&quot;classic&quot;}\">\n\t\t\t\t\t\t<div class=\"elementor-container elementor-column-gap-default\">\n\t\t\t\t\t<div class=\"elementor-column elementor-col-100 elementor-top-column elementor-element elementor-element-8856ce2\" data-id=\"8856ce2\" data-element_type=\"column\" data-e-type=\"column\">\n\t\t\t<div class=\"elementor-widget-wrap\">\n\t\t\t\t\t\t\t<\/div>\n\t\t<\/div>\n\t\t\t\t\t<\/div>\n\t\t<\/section>\n\t\t\t\t<section class=\"elementor-section elementor-top-section elementor-element elementor-element-66043fa0 elementor-reverse-mobile elementor-section-boxed elementor-section-height-default elementor-section-height-default\" data-id=\"66043fa0\" data-element_type=\"section\" data-e-type=\"section\" data-settings=\"{&quot;background_background&quot;:&quot;classic&quot;}\">\n\t\t\t\t\t\t<div class=\"elementor-container elementor-column-gap-default\">\n\t\t\t\t\t<div class=\"elementor-column elementor-col-50 elementor-top-column elementor-element elementor-element-5072ce47\" data-id=\"5072ce47\" data-element_type=\"column\" data-e-type=\"column\">\n\t\t\t<div class=\"elementor-widget-wrap elementor-element-populated\">\n\t\t\t\t\t\t<div class=\"elementor-element elementor-element-381a8d5 elementor-pagination-position-outside elementor-widget elementor-widget-image-carousel\" data-id=\"381a8d5\" data-element_type=\"widget\" data-e-type=\"widget\" data-settings=\"{&quot;slides_to_show&quot;:&quot;1&quot;,&quot;navigation&quot;:&quot;dots&quot;,&quot;autoplay&quot;:&quot;yes&quot;,&quot;pause_on_hover&quot;:&quot;yes&quot;,&quot;pause_on_interaction&quot;:&quot;yes&quot;,&quot;autoplay_speed&quot;:5000,&quot;infinite&quot;:&quot;yes&quot;,&quot;effect&quot;:&quot;slide&quot;,&quot;speed&quot;:500}\" data-widget_type=\"image-carousel.default\">\n\t\t\t\t<div class=\"elementor-widget-container\">\n\t\t\t\t\t\t\t<div class=\"elementor-image-carousel-wrapper swiper\" role=\"region\" aria-roledescription=\"carousel\" aria-label=\"Carrousel d\u2019images\" dir=\"ltr\">\n\t\t\t<div class=\"elementor-image-carousel swiper-wrapper\" aria-live=\"off\">\n\t\t\t\t\t\t\t\t<div class=\"swiper-slide\" role=\"group\" aria-roledescription=\"slide\" aria-label=\"1 sur 10\"><figure class=\"swiper-slide-inner\"><img decoding=\"async\" class=\"swiper-slide-image\" src=\"https:\/\/www.villasvalriche.com\/wp-content\/uploads\/2023\/08\/20190909_GKA_MAURITIUS_ROMANTSOVAPHOTO_D57A1178-1.jpg\" alt=\"20190909_GKA_MAURITIUS_ROMANTSOVAPHOTO_D57A1178.jpg\" \/><\/figure><\/div><div class=\"swiper-slide\" role=\"group\" aria-roledescription=\"slide\" aria-label=\"2 sur 10\"><figure class=\"swiper-slide-inner\"><img decoding=\"async\" class=\"swiper-slide-image\" src=\"https:\/\/www.villasvalriche.com\/wp-content\/uploads\/2023\/08\/20190910_GKA_MAURITIUS_YDWER_0157-1.jpg\" alt=\"20190910_GKA_MAURITIUS_YDWER_0157.jpg\" \/><\/figure><\/div><div class=\"swiper-slide\" role=\"group\" aria-roledescription=\"slide\" aria-label=\"3 sur 10\"><figure class=\"swiper-slide-inner\"><img decoding=\"async\" class=\"swiper-slide-image\" src=\"https:\/\/www.villasvalriche.com\/wp-content\/uploads\/2023\/08\/20190911_GKA_MAURITIUS_ROMANTSOVAPHOTO_D57A2856-1.jpg\" alt=\"20190911_GKA_MAURITIUS_ROMANTSOVAPHOTO_D57A2856.jpg\" \/><\/figure><\/div><div class=\"swiper-slide\" role=\"group\" aria-roledescription=\"slide\" aria-label=\"4 sur 10\"><figure class=\"swiper-slide-inner\"><img decoding=\"async\" class=\"swiper-slide-image\" src=\"https:\/\/www.villasvalriche.com\/wp-content\/uploads\/2023\/08\/20190912_GKA_MAURITIUS_YDWER_0089-1.jpg\" alt=\"20190912_GKA_MAURITIUS_YDWER_0089.jpg\" \/><\/figure><\/div><div class=\"swiper-slide\" role=\"group\" aria-roledescription=\"slide\" aria-label=\"5 sur 10\"><figure class=\"swiper-slide-inner\"><img decoding=\"async\" class=\"swiper-slide-image\" src=\"https:\/\/www.villasvalriche.com\/wp-content\/uploads\/2023\/08\/20190911_GKA_MAURITIUS_YDWER_1747-1.jpg\" alt=\"20190911_GKA_MAURITIUS_YDWER_1747.jpg\" \/><\/figure><\/div><div class=\"swiper-slide\" role=\"group\" aria-roledescription=\"slide\" aria-label=\"6 sur 10\"><figure class=\"swiper-slide-inner\"><img decoding=\"async\" class=\"swiper-slide-image\" src=\"https:\/\/www.villasvalriche.com\/wp-content\/uploads\/2023\/08\/20190910_GKA_MAURITIUS_YDWER_0534-1.jpg\" alt=\"20190910_GKA_MAURITIUS_YDWER_0534.jpg\" \/><\/figure><\/div><div class=\"swiper-slide\" role=\"group\" aria-roledescription=\"slide\" aria-label=\"7 sur 10\"><figure class=\"swiper-slide-inner\"><img decoding=\"async\" class=\"swiper-slide-image\" src=\"https:\/\/www.villasvalriche.com\/wp-content\/uploads\/2023\/08\/2019_GKA_MAURITIUS_YDWER_0642-1.jpg\" alt=\"2019_GKA_MAURITIUS_YDWER_0642.jpg\" \/><\/figure><\/div><div class=\"swiper-slide\" role=\"group\" aria-roledescription=\"slide\" aria-label=\"8 sur 10\"><figure class=\"swiper-slide-inner\"><img decoding=\"async\" class=\"swiper-slide-image\" src=\"https:\/\/www.villasvalriche.com\/wp-content\/uploads\/2023\/08\/2019_GKA_MAURITIUS_YDWER_0701-1.jpg\" alt=\"2019_GKA_MAURITIUS_YDWER_0701.jpg\" \/><\/figure><\/div><div class=\"swiper-slide\" role=\"group\" aria-roledescription=\"slide\" aria-label=\"9 sur 10\"><figure class=\"swiper-slide-inner\"><img decoding=\"async\" class=\"swiper-slide-image\" src=\"https:\/\/www.villasvalriche.com\/wp-content\/uploads\/2023\/08\/20190913_GKA_MAURITIUS_YDWER_1272-1.jpg\" alt=\"20190913_GKA_MAURITIUS_YDWER_1272.jpg\" \/><\/figure><\/div><div class=\"swiper-slide\" role=\"group\" aria-roledescription=\"slide\" aria-label=\"10 sur 10\"><figure class=\"swiper-slide-inner\"><img decoding=\"async\" class=\"swiper-slide-image\" src=\"https:\/\/www.villasvalriche.com\/wp-content\/uploads\/2023\/08\/20190908_GKA_MAURITIUS_YDWER_0601-1.jpg\" alt=\"20190908_GKA_MAURITIUS_YDWER_0601.jpg\" \/><\/figure><\/div>\t\t\t<\/div>\n\t\t\t\t\t\t\t\n\t\t\t\t\t\t\t\t\t<div class=\"swiper-pagination\"><\/div>\n\t\t\t\t\t\t\t\t\t<\/div>\n\t\t\t\t\t\t<\/div>\n\t\t\t\t<\/div>\n\t\t\t\t\t<\/div>\n\t\t<\/div>\n\t\t\t\t<div class=\"elementor-column elementor-col-50 elementor-top-column elementor-element elementor-element-6269085\" data-id=\"6269085\" data-element_type=\"column\" data-e-type=\"column\">\n\t\t\t<div class=\"elementor-widget-wrap elementor-element-populated\">\n\t\t\t\t\t\t<div class=\"elementor-element elementor-element-667e709c elementor-widget elementor-widget-heading\" data-id=\"667e709c\" data-element_type=\"widget\" data-e-type=\"widget\" data-widget_type=\"heading.default\">\n\t\t\t\t<div class=\"elementor-widget-container\">\n\t\t\t\t\t<h2 class=\"elementor-heading-title elementor-size-default\">LE PARADIS DU KITESURF<\/h2>\t\t\t\t<\/div>\n\t\t\t\t<\/div>\n\t\t\t\t<div class=\"elementor-element elementor-element-272ffeb6 elementor-widget elementor-widget-text-editor\" data-id=\"272ffeb6\" data-element_type=\"widget\" data-e-type=\"widget\" data-widget_type=\"text-editor.default\">\n\t\t\t\t<div class=\"elementor-widget-container\">\n\t\t\t\t\t\t\t\t\t<p>Le kitesurf \u00e0 Bel Ombre offre une exp\u00e9rience exceptionnelle aux amateurs de sports nautiques en qu\u00eate d&rsquo;aventure et d&rsquo;adr\u00e9naline.<\/p><p>Avec ses magnifiques plages bord\u00e9es d&rsquo;eaux cristallines et ses conditions id\u00e9ales, Bel Ombre est devenu un v\u00e9ritable paradis pour les passionn\u00e9s de kitesurf.<\/p><p>Les vents r\u00e9guliers et les vastes \u00e9tendues d&rsquo;eau offrent des conditions parfaites pour pratiquer ce sport passionnant. Que vous soyez d\u00e9butant ou expert, vous serez enchant\u00e9 par les opportunit\u00e9s de kitesurf qu&rsquo;offre Bel Ombre.<\/p><p>Imaginez-vous glisser sur les vagues, propuls\u00e9 par la puissance du vent, avec un paysage tropical \u00e0 couper le souffle en toile de fond. Les eaux chaudes de l&rsquo;oc\u00e9an Indien vous invitent \u00e0 vous lancer dans des sauts spectaculaires, des figures acrobatiques et des sessions de freestyle inoubliables.<\/p><p>L&rsquo; \u00e9cole de kitesurf de Bel Ombre propose des cours adapt\u00e9s \u00e0 tous les niveaux, encadr\u00e9s par des instructeurs exp\u00e9riment\u00e9s. Que vous souhaitiez vous initier aux bases du kitesurf ou perfectionner vos comp\u00e9tences, vous trouverez des programmes sur mesure pour r\u00e9pondre \u00e0 vos besoins.<\/p><p>Apr\u00e8s une journ\u00e9e bien remplie sur l&rsquo;eau, d\u00e9tendez-vous et profitez de l&rsquo;atmosph\u00e8re paisible de Bel Ombre. V<\/p><p>Vous pouvez vous reposer sur les plages de sable blanc, vous impr\u00e9gner du magnifique coucher de soleil en savourant un delicieux cocktail<\/p>\t\t\t\t\t\t\t\t<\/div>\n\t\t\t\t<\/div>\n\t\t\t\t\t<\/div>\n\t\t<\/div>\n\t\t\t\t\t<\/div>\n\t\t<\/section>\n\t\t\t\t<section class=\"elementor-section elementor-top-section elementor-element elementor-element-7afcb4a7 elementor-section-boxed elementor-section-height-default elementor-section-height-default\" data-id=\"7afcb4a7\" data-element_type=\"section\" data-e-type=\"section\" data-settings=\"{&quot;background_background&quot;:&quot;classic&quot;}\">\n\t\t\t\t\t\t<div class=\"elementor-container elementor-column-gap-default\">\n\t\t\t\t\t<div class=\"elementor-column elementor-col-50 elementor-top-column elementor-element elementor-element-3a563ab8\" data-id=\"3a563ab8\" data-element_type=\"column\" data-e-type=\"column\">\n\t\t\t<div class=\"elementor-widget-wrap elementor-element-populated\">\n\t\t\t\t\t\t<div class=\"elementor-element elementor-element-34b56ef6 elementor-widget elementor-widget-heading\" data-id=\"34b56ef6\" data-element_type=\"widget\" data-e-type=\"widget\" data-widget_type=\"heading.default\">\n\t\t\t\t<div class=\"elementor-widget-container\">\n\t\t\t\t\t<h2 class=\"elementor-heading-title elementor-size-default\">Une exp\u00e9rience culinaire en bord de mer<\/h2>\t\t\t\t<\/div>\n\t\t\t\t<\/div>\n\t\t\t\t<div class=\"elementor-element elementor-element-ebb36c5 elementor-widget elementor-widget-text-editor\" data-id=\"ebb36c5\" data-element_type=\"widget\" data-e-type=\"widget\" data-widget_type=\"text-editor.default\">\n\t\t\t\t<div class=\"elementor-widget-container\">\n\t\t\t\t\t\t\t\t\t<p>Notre restaurant de plage branch\u00e9 vous invite \u00e0 savourer un d\u00e9licieux d\u00e9jeuner tous les jours de 11h \u00e0 15h. Si vous \u00eates plut\u00f4t \u00e9picurien du soir, notre \u00e9tablissement de 120 couverts vous r\u00e9galera d&rsquo;un inoubliable d\u00eener de 19h \u00e0 22h, 6 jours sur 7 ! Que vous choisissiez nos buffets \u00e0 th\u00e8me o\u00f9 nos chefs cuisinent devant vous ou un d\u00e9jeuner \u00e0 la carte, pr\u00e9parez-vous \u00e0 une explosion de saveurs !<\/p><p>Vous avez un petit creux ? Pas de probl\u00e8me, nous avons ce qu&rsquo;il vous faut : une s\u00e9lection de d\u00e9licieuses tapas accompagn\u00e9es d&rsquo;un verre de vin ros\u00e9. Envie de vous rafra\u00eechir ? Vous pouvez compter sur CHILL, notre bar \u00e0 gin (de midi \u00e0 minuit), COAST, notre bar de plage (de 10h \u00e0 19h) et CALANCA, notre cave \u00e0 vin (de 11h \u00e0 minuit). Vous serez s\u00e9duit par leur atmosph\u00e8re farniente et leurs animations vari\u00e9es.<\/p>\t\t\t\t\t\t\t\t<\/div>\n\t\t\t\t<\/div>\n\t\t\t\t<div class=\"elementor-element elementor-element-48349a4b elementor-align-left elementor-widget elementor-widget-button\" data-id=\"48349a4b\" data-element_type=\"widget\" data-e-type=\"widget\" data-widget_type=\"button.default\">\n\t\t\t\t<div class=\"elementor-widget-container\">\n\t\t\t\t\t\t\t\t\t<div class=\"elementor-button-wrapper\">\n\t\t\t\t\t<a class=\"elementor-button elementor-button-link elementor-size-sm\" href=\"https:\/\/www.villasvalriche.com\/wp-content\/uploads\/2021\/05\/CBC-FACTSHEET-2022-2023-FR.pdf\" target=\"_blank\">\n\t\t\t\t\t\t<span class=\"elementor-button-content-wrapper\">\n\t\t\t\t\t\t\t\t\t<span class=\"elementor-button-text\">En Savoir Plus<\/span>\n\t\t\t\t\t<\/span>\n\t\t\t\t\t<\/a>\n\t\t\t\t<\/div>\n\t\t\t\t\t\t\t\t<\/div>\n\t\t\t\t<\/div>\n\t\t\t\t\t<\/div>\n\t\t<\/div>\n\t\t\t\t<div class=\"elementor-column elementor-col-50 elementor-top-column elementor-element elementor-element-73ab3ddd\" data-id=\"73ab3ddd\" data-element_type=\"column\" data-e-type=\"column\">\n\t\t\t<div class=\"elementor-widget-wrap elementor-element-populated\">\n\t\t\t\t\t\t<div class=\"elementor-element elementor-element-3f9c749 full_height_carousel elementor--h-position-center elementor--v-position-middle elementor-arrows-position-inside elementor-widget elementor-widget-slides\" data-id=\"3f9c749\" data-element_type=\"widget\" data-e-type=\"widget\" data-settings=\"{&quot;navigation&quot;:&quot;arrows&quot;,&quot;autoplay_speed&quot;:3000,&quot;autoplay&quot;:&quot;yes&quot;,&quot;pause_on_hover&quot;:&quot;yes&quot;,&quot;pause_on_interaction&quot;:&quot;yes&quot;,&quot;infinite&quot;:&quot;yes&quot;,&quot;transition&quot;:&quot;slide&quot;,&quot;transition_speed&quot;:500}\" data-widget_type=\"slides.default\">\n\t\t\t\t<div class=\"elementor-widget-container\">\n\t\t\t\t\t\t\t\t\t<div class=\"elementor-swiper\">\n\t\t\t\t\t<div class=\"elementor-slides-wrapper elementor-main-swiper swiper\" role=\"region\" aria-roledescription=\"carousel\" aria-label=\"Diapositives\" dir=\"ltr\" data-animation=\"\">\n\t\t\t\t<div class=\"swiper-wrapper elementor-slides\">\n\t\t\t\t\t\t\t\t\t\t<div class=\"elementor-repeater-item-e9df98c swiper-slide\" role=\"group\" aria-roledescription=\"slide\"><div class=\"swiper-slide-bg\" role=\"img\" aria-label=\"menu\"><\/div><div class=\"swiper-slide-inner\" ><div class=\"swiper-slide-contents\"><\/div><\/div><\/div><div class=\"elementor-repeater-item-3eb612b swiper-slide\" role=\"group\" aria-roledescription=\"slide\"><div class=\"swiper-slide-bg\" role=\"img\" aria-label=\"2\"><\/div><div class=\"swiper-slide-inner\" ><div class=\"swiper-slide-contents\"><\/div><\/div><\/div><div class=\"elementor-repeater-item-61c7643 swiper-slide\" role=\"group\" aria-roledescription=\"slide\"><div class=\"swiper-slide-bg\" role=\"img\" aria-label=\"DSC01454woman\"><\/div><div class=\"swiper-slide-inner\" ><div class=\"swiper-slide-contents\"><\/div><\/div><\/div><div class=\"elementor-repeater-item-0259153 swiper-slide\" role=\"group\" aria-roledescription=\"slide\"><div class=\"swiper-slide-bg\" role=\"img\" aria-label=\"Beach_club\"><\/div><div class=\"swiper-slide-inner\" ><div class=\"swiper-slide-contents\"><\/div><\/div><\/div>\t\t\t\t<\/div>\n\t\t\t\t\t\t\t\t\t\t\t\t\t\t\t<div class=\"elementor-swiper-button elementor-swiper-button-prev\" role=\"button\" tabindex=\"0\" aria-label=\"Diapositive pr\u00e9c\u00e9dente\">\n\t\t\t\t\t\t\t<i aria-hidden=\"true\" class=\"eicon-chevron-left\"><\/i>\t\t\t\t\t\t<\/div>\n\t\t\t\t\t\t<div class=\"elementor-swiper-button elementor-swiper-button-next\" role=\"button\" tabindex=\"0\" aria-label=\"Diapositive suivante\">\n\t\t\t\t\t\t\t<i aria-hidden=\"true\" class=\"eicon-chevron-right\"><\/i>\t\t\t\t\t\t<\/div>\n\t\t\t\t\t\t\t\t\t\t\t\t\t\t\t\t\t<\/div>\n\t\t\t\t<\/div>\n\t\t\t\t\t\t\t\t<\/div>\n\t\t\t\t<\/div>\n\t\t\t\t\t<\/div>\n\t\t<\/div>\n\t\t\t\t\t<\/div>\n\t\t<\/section>\n\t\t\t\t<\/div>\n\t\t","protected":false},"excerpt":{"rendered":"<p>C-Beach Club Un concept de lifestyle unique juste en bas de chez vous Les pieds dans le sable et les yeux dans le bleu, le club de plage le plus tendance de l\u2019\u00eele Maurice s\u2019adapte \u00e0 tous les \u00e2ges et \u00e0 toutes les envies. A la fois vibrant, chic et d\u00e9contract\u00e9, il s\u2019int\u00e8gre harmonieusement au [&hellip;]<\/p>\n","protected":false},"author":28,"featured_media":0,"parent":0,"menu_order":0,"comment_status":"closed","ping_status":"closed","template":"elementor_header_footer","meta":{"_acf_changed":false,"footnotes":""},"class_list":["post-25373","page","type-page","status-publish","hentry"],"acf":[],"_links":{"self":[{"href":"https:\/\/www.villasvalriche.com\/fr\/wp-json\/wp\/v2\/pages\/25373","targetHints":{"allow":["GET"]}}],"collection":[{"href":"https:\/\/www.villasvalriche.com\/fr\/wp-json\/wp\/v2\/pages"}],"about":[{"href":"https:\/\/www.villasvalriche.com\/fr\/wp-json\/wp\/v2\/types\/page"}],"author":[{"embeddable":true,"href":"https:\/\/www.villasvalriche.com\/fr\/wp-json\/wp\/v2\/users\/28"}],"replies":[{"embeddable":true,"href":"https:\/\/www.villasvalriche.com\/fr\/wp-json\/wp\/v2\/comments?post=25373"}],"version-history":[{"count":5,"href":"https:\/\/www.villasvalriche.com\/fr\/wp-json\/wp\/v2\/pages\/25373\/revisions"}],"predecessor-version":[{"id":31129,"href":"https:\/\/www.villasvalriche.com\/fr\/wp-json\/wp\/v2\/pages\/25373\/revisions\/31129"}],"wp:attachment":[{"href":"https:\/\/www.villasvalriche.com\/fr\/wp-json\/wp\/v2\/media?parent=25373"}],"curies":[{"name":"wp","href":"https:\/\/api.w.org\/{rel}","templated":true}]}}