{"id":25389,"date":"2022-10-30T21:01:55","date_gmt":"2022-10-30T17:01:55","guid":{"rendered":"https:\/\/www.villasvalriche.com\/les-hotels\/"},"modified":"2023-07-05T11:44:37","modified_gmt":"2023-07-05T07:44:37","slug":"les-hotels","status":"publish","type":"page","link":"https:\/\/www.villasvalriche.com\/fr\/les-hotels\/","title":{"rendered":"Les H\u00f4tels"},"content":{"rendered":"\t\t<div data-elementor-type=\"wp-page\" data-elementor-id=\"25389\" class=\"elementor elementor-25389 elementor-17787\" data-elementor-post-type=\"page\">\n\t\t\t\t\t\t<section data-dce-background-image-url=\"https:\/\/www.villasvalriche.com\/wp-content\/uploads\/2021\/05\/Photo_12.jpg\" class=\"elementor-section elementor-top-section elementor-element elementor-element-b338ca4 elementor-section-height-min-height elementor-section-boxed elementor-section-height-default elementor-section-items-middle\" data-id=\"b338ca4\" data-element_type=\"section\" data-e-type=\"section\" data-settings=\"{&quot;background_background&quot;:&quot;classic&quot;}\">\n\t\t\t\t\t\t\t<div class=\"elementor-background-overlay\"><\/div>\n\t\t\t\t\t\t\t<div class=\"elementor-container elementor-column-gap-default\">\n\t\t\t\t\t<div class=\"elementor-column elementor-col-100 elementor-top-column elementor-element elementor-element-9b98cd6 stretch-column-height\" data-id=\"9b98cd6\" data-element_type=\"column\" data-e-type=\"column\">\n\t\t\t<div class=\"elementor-widget-wrap elementor-element-populated\">\n\t\t\t\t\t\t<div class=\"elementor-element elementor-element-830df2d elementor-widget elementor-widget-heading\" data-id=\"830df2d\" data-element_type=\"widget\" data-e-type=\"widget\" data-widget_type=\"heading.default\">\n\t\t\t\t<div class=\"elementor-widget-container\">\n\t\t\t\t\t<h1 class=\"elementor-heading-title elementor-size-xxl\">Les H\u00f4tels<\/h1>\t\t\t\t<\/div>\n\t\t\t\t<\/div>\n\t\t\t\t\t<\/div>\n\t\t<\/div>\n\t\t\t\t\t<\/div>\n\t\t<\/section>\n\t\t\t\t<section class=\"elementor-section elementor-top-section elementor-element elementor-element-7437df5 elementor-section-full_width elementor-section-height-default elementor-section-height-default\" data-id=\"7437df5\" data-element_type=\"section\" data-e-type=\"section\">\n\t\t\t\t\t\t<div class=\"elementor-container elementor-column-gap-default\">\n\t\t\t\t\t<div class=\"elementor-column elementor-col-100 elementor-top-column elementor-element elementor-element-c3f96d0\" data-id=\"c3f96d0\" data-element_type=\"column\" data-e-type=\"column\">\n\t\t\t<div class=\"elementor-widget-wrap elementor-element-populated\">\n\t\t\t\t\t\t<div class=\"elementor-element elementor-element-dc18bed elementor-absolute elementor-hidden-tablet elementor-hidden-mobile elementor-invisible elementor-widget elementor-widget-image\" data-id=\"dc18bed\" data-element_type=\"widget\" data-e-type=\"widget\" data-settings=\"{&quot;_position&quot;:&quot;absolute&quot;,&quot;_animation&quot;:&quot;fadeIn&quot;,&quot;_animation_delay&quot;:1200}\" data-widget_type=\"image.default\">\n\t\t\t\t<div class=\"elementor-widget-container\">\n\t\t\t\t\t\t\t\t\t\t\t\t\t\t\t<img decoding=\"async\" width=\"169\" height=\"223\" src=\"https:\/\/www.villasvalriche.com\/wp-content\/uploads\/2023\/03\/2-2-2-1.png\" class=\"attachment-medium size-medium wp-image-26943\" alt=\"\" \/>\t\t\t\t\t\t\t\t\t\t\t\t\t\t\t<\/div>\n\t\t\t\t<\/div>\n\t\t\t\t<div class=\"elementor-element elementor-element-4dda8ea elementor-absolute elementor-hidden-tablet elementor-hidden-mobile hide_images elementor-invisible elementor-widget elementor-widget-image\" data-id=\"4dda8ea\" data-element_type=\"widget\" data-e-type=\"widget\" data-settings=\"{&quot;_position&quot;:&quot;absolute&quot;,&quot;_animation&quot;:&quot;fadeIn&quot;,&quot;_animation_delay&quot;:1200}\" data-widget_type=\"image.default\">\n\t\t\t\t<div class=\"elementor-widget-container\">\n\t\t\t\t\t\t\t\t\t\t\t\t\t\t\t<img fetchpriority=\"high\" decoding=\"async\" width=\"271\" height=\"500\" src=\"https:\/\/www.villasvalriche.com\/wp-content\/uploads\/2023\/03\/7-1-1-1.png\" class=\"attachment-full size-full wp-image-26945\" alt=\"\" srcset=\"https:\/\/www.villasvalriche.com\/wp-content\/uploads\/2023\/03\/7-1-1-1.png 271w, https:\/\/www.villasvalriche.com\/wp-content\/uploads\/2023\/03\/7-1-1-1-163x300.png 163w\" sizes=\"(max-width: 271px) 100vw, 271px\" \/>\t\t\t\t\t\t\t\t\t\t\t\t\t\t\t<\/div>\n\t\t\t\t<\/div>\n\t\t\t\t\t<\/div>\n\t\t<\/div>\n\t\t\t\t\t<\/div>\n\t\t<\/section>\n\t\t\t\t<section class=\"elementor-section elementor-top-section elementor-element elementor-element-8e74895 elementor-reverse-mobile elementor-section-boxed elementor-section-height-default elementor-section-height-default\" data-id=\"8e74895\" data-element_type=\"section\" data-e-type=\"section\" data-settings=\"{&quot;background_background&quot;:&quot;classic&quot;}\">\n\t\t\t\t\t\t<div class=\"elementor-container elementor-column-gap-default\">\n\t\t\t\t\t<div class=\"elementor-column elementor-col-100 elementor-top-column elementor-element elementor-element-14c90ace\" data-id=\"14c90ace\" data-element_type=\"column\" data-e-type=\"column\">\n\t\t\t<div class=\"elementor-widget-wrap elementor-element-populated\">\n\t\t\t\t\t\t<div class=\"elementor-element elementor-element-6b067399 elementor-widget elementor-widget-heading\" data-id=\"6b067399\" data-element_type=\"widget\" data-e-type=\"widget\" data-widget_type=\"heading.default\">\n\t\t\t\t<div class=\"elementor-widget-container\">\n\t\t\t\t\t<h2 class=\"elementor-heading-title elementor-size-default\">Services de premier choix et large \u00e9ventail d'activit\u00e9s en quelques minutes dans votre voiturette<\/h2>\t\t\t\t<\/div>\n\t\t\t\t<\/div>\n\t\t\t\t<div class=\"elementor-element elementor-element-4f474f0 elementor-widget elementor-widget-text-editor\" data-id=\"4f474f0\" data-element_type=\"widget\" data-e-type=\"widget\" data-widget_type=\"text-editor.default\">\n\t\t\t\t<div class=\"elementor-widget-container\">\n\t\t\t\t\t\t\t\t\t<p>D\u00e9couvrez l\u2019atmosph\u00e8re unique et \u00e9l\u00e9gante des deux luxueux h\u00f4tels 5 \u00e9toiles d\u2019Heritage Resorts, notre partenaire d\u2019exception sur le domaine de Bel Ombre. Inspir\u00e9s de l\u2019h\u00e9ritage patrimonial mauricien et facilement accessibles en voiturette, les Resorts offrent aux r\u00e9sidents et propri\u00e9taires de villas des services hauts de gamme, ainsi que l&rsquo;acc\u00e8s \u00e0 de multiples restaurants. <\/p>\n<p>Embarquez pour une croisi\u00e8re gustative raffin\u00e9e et d\u00e9paysante. Du charme \u00e9pic\u00e9 de la cuisine indienne \u00e0 la g\u00e9n\u00e9rosit\u00e9 italienne en passant par le raffinement fran\u00e7ais, des saveurs iod\u00e9es du sp\u00e9cialiste des produits frais de la mer au m\u00e9tissage de la cuisine locale, venez profiter des diff\u00e9rentes ambiances des douze (12) restaurants d\u2019Heritage Resorts \u00e0 Bel Ombre. Il y en a pour tous les \u00e2ges et tous les go\u00fbts ! Heritage Resorts, c\u2019est avant tout une escapade gourmande.  <\/p>\n<p>Enfin, que vous soyez plut\u00f4t eau de coco ou cocktail bien dos\u00e9, vous trouverez votre bonheur dans l\u2019un des trois bars que vous proposent nos resorts et ce, jusqu\u2019au petit matin, bien s\u00fbr.<\/p>\n<p>Pour une exp\u00e9rience culinaire inoubliable et romantique, d\u00e9couvrez Le Ch\u00e2teau. Construit en 1886, cet \u00e9l\u00e9gant manoir de style anglo-indien offre une vue imprenable sur le golf, la mer et la campagne environnante. Son style colonial typique avec de grandes v\u00e9randas couvertes sur tous les c\u00f4t\u00e9s, son d\u00e9cor int\u00e9rieur \u00e9l\u00e9gant avec des lambris, de hauts plafonds, est magnifiquement serti dans de splendides jardins \u00e0 la fran\u00e7aise taill\u00e9s au cordeau, avec fontaines et arbres centenaires.   <\/p>\n<p>La table du Ch\u00e2teau est destin\u00e9e aux gourmets, mettant \u00e0 l\u2019honneur les produits du terroir et la richesse m\u00e9tiss\u00e9e de la cuisine locale. Une table et une cave parmi les meilleures de l&rsquo;\u00eele, avec un menu cr\u00e9\u00e9 par un chef class\u00e9 2 \u00e9toiles au guide Michelin ! <\/p>\n\t\t\t\t\t\t\t\t<\/div>\n\t\t\t\t<\/div>\n\t\t\t\t\t<\/div>\n\t\t<\/div>\n\t\t\t\t\t<\/div>\n\t\t<\/section>\n\t\t\t\t<section data-dce-background-image-url=\"https:\/\/www.villasvalriche.com\/wp-content\/uploads\/2023\/01\/New-Website-HVV.jpg\" class=\"elementor-section elementor-top-section elementor-element elementor-element-3b9af25 elementor-section-height-min-height elementor-section-boxed elementor-section-height-default elementor-section-items-middle\" data-id=\"3b9af25\" data-element_type=\"section\" data-e-type=\"section\" data-settings=\"{&quot;background_background&quot;:&quot;classic&quot;}\">\n\t\t\t\t\t\t<div class=\"elementor-container elementor-column-gap-default\">\n\t\t\t\t\t<div class=\"elementor-column elementor-col-100 elementor-top-column elementor-element elementor-element-13c2d30\" data-id=\"13c2d30\" data-element_type=\"column\" data-e-type=\"column\">\n\t\t\t<div class=\"elementor-widget-wrap\">\n\t\t\t\t\t\t\t<\/div>\n\t\t<\/div>\n\t\t\t\t\t<\/div>\n\t\t<\/section>\n\t\t\t\t<section class=\"elementor-section elementor-top-section elementor-element elementor-element-7afcb4a7 elementor-reverse-mobile elementor-section-boxed elementor-section-height-default elementor-section-height-default\" data-id=\"7afcb4a7\" data-element_type=\"section\" data-e-type=\"section\" data-settings=\"{&quot;background_background&quot;:&quot;classic&quot;}\">\n\t\t\t\t\t\t<div class=\"elementor-container elementor-column-gap-default\">\n\t\t\t\t\t<div class=\"elementor-column elementor-col-50 elementor-top-column elementor-element elementor-element-3a563ab8\" data-id=\"3a563ab8\" data-element_type=\"column\" data-e-type=\"column\">\n\t\t\t<div class=\"elementor-widget-wrap elementor-element-populated\">\n\t\t\t\t\t\t<div class=\"elementor-element elementor-element-34b56ef6 elementor-widget elementor-widget-heading\" data-id=\"34b56ef6\" data-element_type=\"widget\" data-e-type=\"widget\" data-widget_type=\"heading.default\">\n\t\t\t\t<div class=\"elementor-widget-container\">\n\t\t\t\t\t<h2 class=\"elementor-heading-title elementor-size-default\">HERITAGE LE TELFAIR GOLF &amp; WELLNESS RESORT<\/h2>\t\t\t\t<\/div>\n\t\t\t\t<\/div>\n\t\t\t\t<div class=\"elementor-element elementor-element-f6959b3 elementor-widget elementor-widget-text-editor\" data-id=\"f6959b3\" data-element_type=\"widget\" data-e-type=\"widget\" data-widget_type=\"text-editor.default\">\n\t\t\t\t<div class=\"elementor-widget-container\">\n\t\t\t\t\t\t\t\t\t<p>Bienvenue \u00e0 Heritage Le Telfair, un h\u00f4tel 5 \u00e9toiles exclusif et luxueux, d\u2019une \u00e9l\u00e9gance saisissante et incomparable.<\/p>\n<p>Inspir\u00e9e de la qui\u00e9tude et du raffinement de l&rsquo;art de vivre d\u2019antan, son architecture rend hommage au naturaliste et botaniste Irlandais Charles Edward Telfair, l\u2019un des pionniers du Domaine de Bel Ombre.<\/p>\n<p>Heritage Le Telfair promet un s\u00e9jour unique, une escapade gourmande agr\u00e9ment\u00e9e d&rsquo;un service impeccable. Votre confort et votre s\u00e9r\u00e9nit\u00e9 \u00e9tant au c\u0153ur de nos priorit\u00e9s, nous vous offrons une approche de bien-\u00eatre holistique et des soins de spa exceptionnels pour parfaire votre s\u00e9jour.<\/p>\n<p>Ouvert de 8h30 \u00e0 23h00, notre Kids Club accueille les enfants jusqu&rsquo;\u00e0 11 ans et permet aux parents de profiter de moments paisibles.<\/p>\n\t\t\t\t\t\t\t\t<\/div>\n\t\t\t\t<\/div>\n\t\t\t\t\t<\/div>\n\t\t<\/div>\n\t\t\t\t<div class=\"elementor-column elementor-col-50 elementor-top-column elementor-element elementor-element-73ab3ddd\" data-id=\"73ab3ddd\" data-element_type=\"column\" data-e-type=\"column\">\n\t\t\t<div class=\"elementor-widget-wrap elementor-element-populated\">\n\t\t\t\t\t\t<div class=\"elementor-element elementor-element-301e44b full_height_carousel elementor--h-position-center elementor--v-position-middle elementor-arrows-position-inside elementor-widget elementor-widget-slides\" data-id=\"301e44b\" data-element_type=\"widget\" data-e-type=\"widget\" data-settings=\"{&quot;navigation&quot;:&quot;arrows&quot;,&quot;autoplay_speed&quot;:3000,&quot;autoplay&quot;:&quot;yes&quot;,&quot;pause_on_hover&quot;:&quot;yes&quot;,&quot;pause_on_interaction&quot;:&quot;yes&quot;,&quot;infinite&quot;:&quot;yes&quot;,&quot;transition&quot;:&quot;slide&quot;,&quot;transition_speed&quot;:500}\" data-widget_type=\"slides.default\">\n\t\t\t\t<div class=\"elementor-widget-container\">\n\t\t\t\t\t\t\t\t\t<div class=\"elementor-swiper\">\n\t\t\t\t\t<div class=\"elementor-slides-wrapper elementor-main-swiper swiper\" role=\"region\" aria-roledescription=\"carousel\" aria-label=\"Diapositives\" dir=\"ltr\" data-animation=\"\">\n\t\t\t\t<div class=\"swiper-wrapper elementor-slides\">\n\t\t\t\t\t\t\t\t\t\t<div class=\"elementor-repeater-item-61c7643 swiper-slide\" role=\"group\" aria-roledescription=\"slide\"><div class=\"swiper-slide-bg\" role=\"img\" aria-label=\"DJI_0085\"><\/div><div class=\"swiper-slide-inner\" ><div class=\"swiper-slide-contents\"><\/div><\/div><\/div><div class=\"elementor-repeater-item-863d5f8 swiper-slide\" role=\"group\" aria-roledescription=\"slide\"><div class=\"swiper-slide-bg\" role=\"img\" aria-label=\"_NIS6921\"><\/div><div class=\"swiper-slide-inner\" ><div class=\"swiper-slide-contents\"><\/div><\/div><\/div><div class=\"elementor-repeater-item-0259153 swiper-slide\" role=\"group\" aria-roledescription=\"slide\"><div class=\"swiper-slide-bg\" role=\"img\" aria-label=\"DSC00388\"><\/div><div class=\"swiper-slide-inner\" ><div class=\"swiper-slide-contents\"><\/div><\/div><\/div>\t\t\t\t<\/div>\n\t\t\t\t\t\t\t\t\t\t\t\t\t\t\t<div class=\"elementor-swiper-button elementor-swiper-button-prev\" role=\"button\" tabindex=\"0\" aria-label=\"Diapositive pr\u00e9c\u00e9dente\">\n\t\t\t\t\t\t\t<i aria-hidden=\"true\" class=\"eicon-chevron-left\"><\/i>\t\t\t\t\t\t<\/div>\n\t\t\t\t\t\t<div class=\"elementor-swiper-button elementor-swiper-button-next\" role=\"button\" tabindex=\"0\" aria-label=\"Diapositive suivante\">\n\t\t\t\t\t\t\t<i aria-hidden=\"true\" class=\"eicon-chevron-right\"><\/i>\t\t\t\t\t\t<\/div>\n\t\t\t\t\t\t\t\t\t\t\t\t\t\t\t\t\t<\/div>\n\t\t\t\t<\/div>\n\t\t\t\t\t\t\t\t<\/div>\n\t\t\t\t<\/div>\n\t\t\t\t\t<\/div>\n\t\t<\/div>\n\t\t\t\t\t<\/div>\n\t\t<\/section>\n\t\t\t\t<section data-dce-background-color=\"#FFFFFF\" class=\"elementor-section elementor-top-section elementor-element elementor-element-fa40932 elementor-section-boxed elementor-section-height-default elementor-section-height-default\" data-id=\"fa40932\" data-element_type=\"section\" data-e-type=\"section\" data-settings=\"{&quot;background_background&quot;:&quot;classic&quot;}\">\n\t\t\t\t\t\t<div class=\"elementor-container elementor-column-gap-default\">\n\t\t\t\t\t<div class=\"elementor-column elementor-col-50 elementor-top-column elementor-element elementor-element-1798fa5\" data-id=\"1798fa5\" data-element_type=\"column\" data-e-type=\"column\">\n\t\t\t<div class=\"elementor-widget-wrap elementor-element-populated\">\n\t\t\t\t\t\t<div class=\"elementor-element elementor-element-e7df141 elementor-widget elementor-widget-image\" data-id=\"e7df141\" data-element_type=\"widget\" data-e-type=\"widget\" data-widget_type=\"image.default\">\n\t\t\t\t<div class=\"elementor-widget-container\">\n\t\t\t\t\t\t\t\t\t\t\t\t\t\t\t<img decoding=\"async\" width=\"700\" height=\"547\" src=\"https:\/\/www.villasvalriche.com\/wp-content\/uploads\/2023\/02\/awali.jpg\" class=\"attachment-full size-full wp-image-25146\" alt=\"\" srcset=\"https:\/\/www.villasvalriche.com\/wp-content\/uploads\/2023\/02\/awali.jpg 700w, https:\/\/www.villasvalriche.com\/wp-content\/uploads\/2023\/02\/awali-300x234.jpg 300w\" sizes=\"(max-width: 700px) 100vw, 700px\" \/>\t\t\t\t\t\t\t\t\t\t\t\t\t\t\t<\/div>\n\t\t\t\t<\/div>\n\t\t\t\t\t<\/div>\n\t\t<\/div>\n\t\t\t\t<div class=\"elementor-column elementor-col-50 elementor-top-column elementor-element elementor-element-de19465\" data-id=\"de19465\" data-element_type=\"column\" data-e-type=\"column\">\n\t\t\t<div class=\"elementor-widget-wrap elementor-element-populated\">\n\t\t\t\t\t\t<div class=\"elementor-element elementor-element-55e8dad elementor-widget elementor-widget-heading\" data-id=\"55e8dad\" data-element_type=\"widget\" data-e-type=\"widget\" data-widget_type=\"heading.default\">\n\t\t\t\t<div class=\"elementor-widget-container\">\n\t\t\t\t\t<h2 class=\"elementor-heading-title elementor-size-default\">HERITAGE AWALI GOLF &amp; SPA RESORT<\/h2>\t\t\t\t<\/div>\n\t\t\t\t<\/div>\n\t\t\t\t<div class=\"elementor-element elementor-element-196d5ef elementor-widget elementor-widget-text-editor\" data-id=\"196d5ef\" data-element_type=\"widget\" data-e-type=\"widget\" data-widget_type=\"text-editor.default\">\n\t\t\t\t<div class=\"elementor-widget-container\">\n\t\t\t\t\t\t\t\t\t<p>Heritage Awali est le r\u00e9sultat d\u2019une parfaite combinaison entre luxe, simplicit\u00e9, \u00e9l\u00e9gance et souci du d\u00e9tail. Lorsque vous p\u00e9n\u00e9trez dans l\u2019h\u00f4tel, vous d\u00e9couvrez le charme authentique de son architecture inspir\u00e9e de nos racines africaines. <\/p>\n<p>Cet h\u00f4tel 5 \u00e9toiles vous invite \u00e0 un retour aux sources, pour d\u00e9connecter le temps de votre s\u00e9jour. Ici, convivialit\u00e9 rime avec hospitalit\u00e9 et le luxe est synonyme de confort et d\u2019\u00e9l\u00e9gance apport\u00e9e par des mat\u00e9riaux nobles. L&rsquo;h\u00f4tel dispose notamment d&rsquo;un Kids Club, permettant aux enfants comme aux parents de profiter pleinement de leurs vacances.<\/p>\n<p>Pr\u00e9parez-vous \u00e0 \u00eatre combl\u00e9s, que ce soit \u00e0 travers un soin bien-\u00eatre au Seven Colours Spa ou une d\u00e9couverte gustative dans l&rsquo;un de nos restaurants raffin\u00e9s.<\/p><\/p>\n\t\t\t\t\t\t\t\t<\/div>\n\t\t\t\t<\/div>\n\t\t\t\t\t<\/div>\n\t\t<\/div>\n\t\t\t\t\t<\/div>\n\t\t<\/section>\n\t\t\t\t<section data-dce-background-color=\"#D2C8BC\" class=\"elementor-section elementor-top-section elementor-element elementor-element-b2973e1 elementor-reverse-mobile elementor-section-boxed elementor-section-height-default elementor-section-height-default\" data-id=\"b2973e1\" data-element_type=\"section\" data-e-type=\"section\" data-settings=\"{&quot;background_background&quot;:&quot;classic&quot;,&quot;background_motion_fx_motion_fx_mouse&quot;:&quot;yes&quot;}\">\n\t\t\t\t\t\t<div class=\"elementor-container elementor-column-gap-default\">\n\t\t\t\t\t<div class=\"elementor-column elementor-col-50 elementor-top-column elementor-element elementor-element-5bb2101\" data-id=\"5bb2101\" data-element_type=\"column\" data-e-type=\"column\">\n\t\t\t<div class=\"elementor-widget-wrap elementor-element-populated\">\n\t\t\t\t\t\t<div class=\"elementor-element elementor-element-1d73d5e elementor-widget elementor-widget-heading\" data-id=\"1d73d5e\" data-element_type=\"widget\" data-e-type=\"widget\" data-widget_type=\"heading.default\">\n\t\t\t\t<div class=\"elementor-widget-container\">\n\t\t\t\t\t<h2 class=\"elementor-heading-title elementor-size-default\">C BEACH CLUB<\/h2>\t\t\t\t<\/div>\n\t\t\t\t<\/div>\n\t\t\t\t<div class=\"elementor-element elementor-element-f9b827f elementor-widget elementor-widget-text-editor\" data-id=\"f9b827f\" data-element_type=\"widget\" data-e-type=\"widget\" data-widget_type=\"text-editor.default\">\n\t\t\t\t<div class=\"elementor-widget-container\">\n\t\t\t\t\t\t\t\t\t<p>Le C Beach Club est le lieu r\u00eav\u00e9 pour profiter d\u2019une journ\u00e9e au soleil. Avec pour horizon le lagon turquoise et la plage de sable blanc, une magnifique piscine \u00e0 d\u00e9bordement et de nombreuses options de sports nautiques, il est l\u2019unique club de ce type \u00e0 l&rsquo;\u00eele Maurice.<\/p>\n<p>En tant que propri\u00e9taire, vous avez un acc\u00e8s privil\u00e9gi\u00e9 au C Beach Club et b\u00e9n\u00e9ficiez d\u2019offres sp\u00e9ciales sur son menu savoureux et son panel d\u2019activit\u00e9s nautiques<\/p>\n\t\t\t\t\t\t\t\t<\/div>\n\t\t\t\t<\/div>\n\t\t\t\t\t<\/div>\n\t\t<\/div>\n\t\t\t\t<div class=\"elementor-column elementor-col-50 elementor-top-column elementor-element elementor-element-a16badd\" data-id=\"a16badd\" data-element_type=\"column\" data-e-type=\"column\">\n\t\t\t<div class=\"elementor-widget-wrap elementor-element-populated\">\n\t\t\t\t\t\t<div class=\"elementor-element elementor-element-7ea113f elementor-widget-mobile__width-auto elementor-widget elementor-widget-image\" data-id=\"7ea113f\" data-element_type=\"widget\" data-e-type=\"widget\" data-widget_type=\"image.default\">\n\t\t\t\t<div class=\"elementor-widget-container\">\n\t\t\t\t\t\t\t\t\t\t\t\t\t\t\t<img loading=\"lazy\" decoding=\"async\" width=\"700\" height=\"547\" src=\"https:\/\/www.villasvalriche.com\/wp-content\/uploads\/2023\/02\/dqe.jpg\" class=\"attachment-full size-full wp-image-25144\" alt=\"\" srcset=\"https:\/\/www.villasvalriche.com\/wp-content\/uploads\/2023\/02\/dqe.jpg 700w, https:\/\/www.villasvalriche.com\/wp-content\/uploads\/2023\/02\/dqe-300x234.jpg 300w\" sizes=\"(max-width: 700px) 100vw, 700px\" \/>\t\t\t\t\t\t\t\t\t\t\t\t\t\t\t<\/div>\n\t\t\t\t<\/div>\n\t\t\t\t\t<\/div>\n\t\t<\/div>\n\t\t\t\t\t<\/div>\n\t\t<\/section>\n\t\t\t\t<section data-dce-background-color=\"#E0D9D01C\" class=\"elementor-section elementor-top-section elementor-element elementor-element-688fb0f elementor-section-boxed elementor-section-height-default elementor-section-height-default\" data-id=\"688fb0f\" data-element_type=\"section\" data-e-type=\"section\" data-settings=\"{&quot;background_background&quot;:&quot;classic&quot;}\">\n\t\t\t\t\t\t<div class=\"elementor-container elementor-column-gap-default\">\n\t\t\t\t\t<div class=\"elementor-column elementor-col-50 elementor-top-column elementor-element elementor-element-d8f6268\" data-id=\"d8f6268\" data-element_type=\"column\" data-e-type=\"column\">\n\t\t\t<div class=\"elementor-widget-wrap elementor-element-populated\">\n\t\t\t\t\t\t<div class=\"elementor-element elementor-element-0642b53 elementor-widget elementor-widget-image\" data-id=\"0642b53\" data-element_type=\"widget\" data-e-type=\"widget\" data-widget_type=\"image.default\">\n\t\t\t\t<div class=\"elementor-widget-container\">\n\t\t\t\t\t\t\t\t\t\t\t\t\t\t\t<img loading=\"lazy\" decoding=\"async\" width=\"1920\" height=\"1080\" src=\"https:\/\/www.villasvalriche.com\/wp-content\/uploads\/2022\/11\/Photo_1-4.webp\" class=\"attachment-full size-full wp-image-24008\" alt=\"\" \/>\t\t\t\t\t\t\t\t\t\t\t\t\t\t\t<\/div>\n\t\t\t\t<\/div>\n\t\t\t\t\t<\/div>\n\t\t<\/div>\n\t\t\t\t<div class=\"elementor-column elementor-col-50 elementor-top-column elementor-element elementor-element-c12c2fd\" data-id=\"c12c2fd\" data-element_type=\"column\" data-e-type=\"column\">\n\t\t\t<div class=\"elementor-widget-wrap elementor-element-populated\">\n\t\t\t\t\t\t<div class=\"elementor-element elementor-element-68e0a2b elementor-widget elementor-widget-heading\" data-id=\"68e0a2b\" data-element_type=\"widget\" data-e-type=\"widget\" data-widget_type=\"heading.default\">\n\t\t\t\t<div class=\"elementor-widget-container\">\n\t\t\t\t\t<h2 class=\"elementor-heading-title elementor-size-default\">Bien-\u00catre<\/h2>\t\t\t\t<\/div>\n\t\t\t\t<\/div>\n\t\t\t\t<div class=\"elementor-element elementor-element-ace5220 elementor-widget elementor-widget-text-editor\" data-id=\"ace5220\" data-element_type=\"widget\" data-e-type=\"widget\" data-widget_type=\"text-editor.default\">\n\t\t\t\t<div class=\"elementor-widget-container\">\n\t\t\t\t\t\t\t\t\t<p>Ne faire qu\u2019un avec la nature, se d\u00e9tendre, prendre le temps de se ressourcer et de se retrouver. Les spas des h\u00f4tels partenaires Heritage Le Telfair Golf &amp; Wellness Resort et Heritage Awali Golf &amp; Spa Resort proposent aux r\u00e9sidents d\u2019Heritage Villas Valriche, une exp\u00e9rience bien-\u00eatre transcendante.<\/p>\n<p>Des programmes personnalis\u00e9s, prestations exceptionnelles et conseils d\u2019experts sont prodigu\u00e9s dans un cadre \u00e9l\u00e9gant et luxueux, pour un voyage revigorant ou apaisant du corps et de l\u2019esprit.<\/p>\n\t\t\t\t\t\t\t\t<\/div>\n\t\t\t\t<\/div>\n\t\t\t\t\t<\/div>\n\t\t<\/div>\n\t\t\t\t\t<\/div>\n\t\t<\/section>\n\t\t\t\t<\/div>\n\t\t","protected":false},"excerpt":{"rendered":"<p>Les H\u00f4tels Services de premier choix et large \u00e9ventail d&rsquo;activit\u00e9s en quelques minutes dans votre voiturette D\u00e9couvrez l\u2019atmosph\u00e8re unique et \u00e9l\u00e9gante des deux luxueux h\u00f4tels 5 \u00e9toiles d\u2019Heritage Resorts, notre partenaire d\u2019exception sur le domaine de Bel Ombre. Inspir\u00e9s de l\u2019h\u00e9ritage patrimonial mauricien et facilement accessibles en voiturette, les Resorts offrent aux r\u00e9sidents et propri\u00e9taires [&hellip;]<\/p>\n","protected":false},"author":28,"featured_media":0,"parent":0,"menu_order":0,"comment_status":"closed","ping_status":"closed","template":"elementor_header_footer","meta":{"_acf_changed":false,"footnotes":""},"class_list":["post-25389","page","type-page","status-publish","hentry"],"acf":[],"_links":{"self":[{"href":"https:\/\/www.villasvalriche.com\/fr\/wp-json\/wp\/v2\/pages\/25389","targetHints":{"allow":["GET"]}}],"collection":[{"href":"https:\/\/www.villasvalriche.com\/fr\/wp-json\/wp\/v2\/pages"}],"about":[{"href":"https:\/\/www.villasvalriche.com\/fr\/wp-json\/wp\/v2\/types\/page"}],"author":[{"embeddable":true,"href":"https:\/\/www.villasvalriche.com\/fr\/wp-json\/wp\/v2\/users\/28"}],"replies":[{"embeddable":true,"href":"https:\/\/www.villasvalriche.com\/fr\/wp-json\/wp\/v2\/comments?post=25389"}],"version-history":[{"count":5,"href":"https:\/\/www.villasvalriche.com\/fr\/wp-json\/wp\/v2\/pages\/25389\/revisions"}],"predecessor-version":[{"id":27702,"href":"https:\/\/www.villasvalriche.com\/fr\/wp-json\/wp\/v2\/pages\/25389\/revisions\/27702"}],"wp:attachment":[{"href":"https:\/\/www.villasvalriche.com\/fr\/wp-json\/wp\/v2\/media?parent=25389"}],"curies":[{"name":"wp","href":"https:\/\/api.w.org\/{rel}","templated":true}]}}