{"id":30877,"date":"2023-10-26T16:53:00","date_gmt":"2023-10-26T12:53:00","guid":{"rendered":"https:\/\/www.villasvalriche.com\/thank-you-page-fr\/"},"modified":"2023-10-30T13:50:39","modified_gmt":"2023-10-30T09:50:39","slug":"thank-you-page-fr","status":"publish","type":"page","link":"https:\/\/www.villasvalriche.com\/fr\/thank-you-page-fr\/","title":{"rendered":"Thank You Page FR"},"content":{"rendered":"\t\t<div data-elementor-type=\"wp-page\" data-elementor-id=\"30877\" class=\"elementor elementor-30877 elementor-30645\" data-elementor-post-type=\"page\">\n\t\t\t\t\t\t<section data-dce-background-overlay-color=\"#262721\" data-dce-background-image-url=\"https:\/\/www.villasvalriche.com\/wp-content\/uploads\/2023\/10\/IMG-20231026-WA0023.jpg\" class=\"elementor-section elementor-top-section elementor-element elementor-element-f8039ce elementor-section-height-min-height elementor-section-boxed elementor-section-height-default elementor-section-items-middle\" data-id=\"f8039ce\" data-element_type=\"section\" data-e-type=\"section\" data-settings=\"{&quot;background_background&quot;:&quot;classic&quot;}\">\n\t\t\t\t\t\t\t<div class=\"elementor-background-overlay\"><\/div>\n\t\t\t\t\t\t\t<div class=\"elementor-container elementor-column-gap-default\">\n\t\t\t\t\t<div class=\"elementor-column elementor-col-100 elementor-top-column elementor-element elementor-element-73c719d\" data-id=\"73c719d\" data-element_type=\"column\" data-e-type=\"column\">\n\t\t\t<div class=\"elementor-widget-wrap elementor-element-populated\">\n\t\t\t\t\t\t<div class=\"elementor-element elementor-element-b554087 ty-text elementor-invisible elementor-widget elementor-widget-heading\" data-id=\"b554087\" data-element_type=\"widget\" data-e-type=\"widget\" data-settings=\"{&quot;_animation&quot;:&quot;fadeInUp&quot;}\" data-widget_type=\"heading.default\">\n\t\t\t\t<div class=\"elementor-widget-container\">\n\t\t\t\t\t<h1 class=\"elementor-heading-title elementor-size-xxl\">Merci pour votre enqu\u00eate.<\/h1>\t\t\t\t<\/div>\n\t\t\t\t<\/div>\n\t\t\t\t<div class=\"elementor-element elementor-element-309e21e animated-slow elementor-invisible elementor-widget elementor-widget-heading\" data-id=\"309e21e\" data-element_type=\"widget\" data-e-type=\"widget\" data-settings=\"{&quot;_animation&quot;:&quot;fadeInUp&quot;}\" data-widget_type=\"heading.default\">\n\t\t\t\t<div class=\"elementor-widget-container\">\n\t\t\t\t\t<h4 class=\"elementor-heading-title elementor-size-default\">Notre \u00e9quipe vous contactera sous peu.<\/h4>\t\t\t\t<\/div>\n\t\t\t\t<\/div>\n\t\t\t\t<div class=\"elementor-element elementor-element-b10bbb1 animated-slow elementor-view-default elementor-invisible elementor-widget elementor-widget-icon\" data-id=\"b10bbb1\" data-element_type=\"widget\" data-e-type=\"widget\" data-settings=\"{&quot;_animation&quot;:&quot;fadeInUp&quot;}\" data-widget_type=\"icon.default\">\n\t\t\t\t<div class=\"elementor-widget-container\">\n\t\t\t\t\t\t\t<div class=\"elementor-icon-wrapper\">\n\t\t\t<div class=\"elementor-icon\">\n\t\t\t<svg xmlns=\"http:\/\/www.w3.org\/2000\/svg\" id=\"Layer_1\" viewBox=\"0 0 48 32\"><defs><style>.cls-1{fill:none;}<\/style><\/defs><path d=\"M48,16c0,3.93-2.53,7.12-2.53,7.12,0,0-2.53-3.19-2.53-7.12s2.53-7.12,2.53-7.12c0,0,2.53,3.19,2.53,7.12\"><\/path><path d=\"M5.07,16.01c0,3.93-2.53,7.12-2.53,7.12,0,0-2.53-3.19-2.53-7.12s2.53-7.12,2.53-7.12c0,0,2.53,3.19,2.53,7.12\"><\/path><path d=\"M29.69,16c0,8.84-5.69,16-5.69,16,0,0-5.69-7.16-5.69-16S24,0,24,0c0,0,5.69,7.16,5.69,16\"><\/path><rect class=\"cls-1\" x=\"0\" width=\"48\" height=\"32\"><\/rect><\/svg>\t\t\t<\/div>\n\t\t<\/div>\n\t\t\t\t\t\t<\/div>\n\t\t\t\t<\/div>\n\t\t\t\t<div class=\"elementor-element elementor-element-ce6c8a7 elementor-align-center ctabutton elementor-invisible elementor-widget elementor-widget-button\" data-id=\"ce6c8a7\" data-element_type=\"widget\" data-e-type=\"widget\" data-settings=\"{&quot;_animation&quot;:&quot;slideInUp&quot;}\" data-widget_type=\"button.default\">\n\t\t\t\t<div class=\"elementor-widget-container\">\n\t\t\t\t\t\t\t\t\t<div class=\"elementor-button-wrapper\">\n\t\t\t\t\t<a class=\"elementor-button elementor-button-link elementor-size-sm\" href=\"https:\/\/www.villasvalriche.com\/fr\/\">\n\t\t\t\t\t\t<span class=\"elementor-button-content-wrapper\">\n\t\t\t\t\t\t\t\t\t<span class=\"elementor-button-text\">Retour \u00e0 la page d'accueil<\/span>\n\t\t\t\t\t<\/span>\n\t\t\t\t\t<\/a>\n\t\t\t\t<\/div>\n\t\t\t\t\t\t\t\t<\/div>\n\t\t\t\t<\/div>\n\t\t\t\t\t<\/div>\n\t\t<\/div>\n\t\t\t\t\t<\/div>\n\t\t<\/section>\n\t\t\t\t<\/div>\n\t\t","protected":false},"excerpt":{"rendered":"<p>Merci pour votre enqu\u00eate. Notre \u00e9quipe vous contactera sous peu. Retour \u00e0 la page d&rsquo;accueil<\/p>\n","protected":false},"author":17,"featured_media":0,"parent":0,"menu_order":0,"comment_status":"closed","ping_status":"closed","template":"","meta":{"_acf_changed":false,"footnotes":""},"class_list":["post-30877","page","type-page","status-publish","hentry"],"acf":[],"_links":{"self":[{"href":"https:\/\/www.villasvalriche.com\/fr\/wp-json\/wp\/v2\/pages\/30877","targetHints":{"allow":["GET"]}}],"collection":[{"href":"https:\/\/www.villasvalriche.com\/fr\/wp-json\/wp\/v2\/pages"}],"about":[{"href":"https:\/\/www.villasvalriche.com\/fr\/wp-json\/wp\/v2\/types\/page"}],"author":[{"embeddable":true,"href":"https:\/\/www.villasvalriche.com\/fr\/wp-json\/wp\/v2\/users\/17"}],"replies":[{"embeddable":true,"href":"https:\/\/www.villasvalriche.com\/fr\/wp-json\/wp\/v2\/comments?post=30877"}],"version-history":[{"count":5,"href":"https:\/\/www.villasvalriche.com\/fr\/wp-json\/wp\/v2\/pages\/30877\/revisions"}],"predecessor-version":[{"id":30892,"href":"https:\/\/www.villasvalriche.com\/fr\/wp-json\/wp\/v2\/pages\/30877\/revisions\/30892"}],"wp:attachment":[{"href":"https:\/\/www.villasvalriche.com\/fr\/wp-json\/wp\/v2\/media?parent=30877"}],"curies":[{"name":"wp","href":"https:\/\/api.w.org\/{rel}","templated":true}]}}